{"id":6399,"date":"2022-02-24T09:49:29","date_gmt":"2022-02-24T09:49:29","guid":{"rendered":"https:\/\/campus.molismedia.com\/?page_id=6399"},"modified":"2025-12-19T09:26:09","modified_gmt":"2025-12-19T09:26:09","slug":"el-consorci","status":"publish","type":"page","link":"https:\/\/campusdiagonalbesos.com\/es\/el-consorci\/","title":{"rendered":"El Consorcio"},"content":{"rendered":"\t\t<div data-elementor-type=\"wp-page\" data-elementor-id=\"6399\" class=\"elementor elementor-6399 elementor-5083\">\n\t\t\t\t\t\t\t        <section class=\"elementor-section elementor-top-section elementor-element elementor-element-4fd0ac62 elementor-section-boxed elementor-section-height-default elementor-section-height-default ct-header-fixed-none ct-row-max-none\" data-id=\"4fd0ac62\" data-element_type=\"section\">\n            \n                        <div class=\"elementor-container elementor-column-gap-wider \">\n                    <div class=\"elementor-column elementor-col-66 elementor-top-column elementor-element elementor-element-527d1a8d\" data-id=\"527d1a8d\" data-element_type=\"column\">\n            <div class=\"elementor-widget-wrap elementor-element-populated\">\n                        \t\t<div class=\"elementor-element elementor-element-a8fd8bf elementor-widget elementor-widget-ct_heading\" data-id=\"a8fd8bf\" data-element_type=\"widget\" data-widget_type=\"ct_heading.default\">\n\t\t\t\t<div class=\"elementor-widget-container\">\n\t\t\t<div id=\"ct_heading-a8fd8bf\" class=\"ct-heading h-align- sub- ct-heading-left item-st-line-left1\">\r\n\t<div class=\"ct-inline-css\"  data-css=\"\r\n        \">\r\n    <\/div>\r\n        <h1 class=\"item--title st-line-left1 case-animate-time\" data-wow-delay=\"ms\">\r\n                <span class=\"sp-main\">\r\n                            <i><\/i>\r\n            \r\n            Consorcio del Campus Diagonal-Bes\u00f2s\r\n            \r\n                    <\/span>\r\n            <\/h1>\r\n<\/div>\t\t<\/div>\n\t\t\t\t<\/div>\n\t\t\t\t<div class=\"elementor-element elementor-element-5c08dc21 elementor-widget elementor-widget-text-editor\" data-id=\"5c08dc21\" data-element_type=\"widget\" data-widget_type=\"text-editor.default\">\n\t\t\t\t<div class=\"elementor-widget-container\">\n\t\t\t<style>\/*! elementor - v3.8.1 - 13-11-2022 *\/\n.elementor-widget-text-editor.elementor-drop-cap-view-stacked .elementor-drop-cap{background-color:#818a91;color:#fff}.elementor-widget-text-editor.elementor-drop-cap-view-framed .elementor-drop-cap{color:#818a91;border:3px solid;background-color:transparent}.elementor-widget-text-editor:not(.elementor-drop-cap-view-default) .elementor-drop-cap{margin-top:8px}.elementor-widget-text-editor:not(.elementor-drop-cap-view-default) .elementor-drop-cap-letter{width:1em;height:1em}.elementor-widget-text-editor .elementor-drop-cap{float:left;text-align:center;line-height:1;font-size:50px}.elementor-widget-text-editor .elementor-drop-cap-letter{display:inline-block}<\/style>\t\t\t\t<p class=\"p1\">El Consorcio del Campus Diagonal-Bes\u00f2s es un ente p\u00fablico de car\u00e1cter local constituido en 2002. Fue creado a iniciativa de los propietarios p\u00fablicos del \u00e1rea definida como sector C4 de la Modificaci\u00f3n del Plan general metropolitano del frente litoral y del margen derecho del r\u00edo Bes\u00f3s (zona comprendida entre la calle Taulat, la Ronda Litoral y la calle Sant Ramon de Penyafort), planteamiento urban\u00edstico del cual determinaba la implantaci\u00f3n de un campus universitario.<\/p><p class=\"p1\">La finalidad de este consorcio es precisamente la de promover la transformaci\u00f3n del sector con la creaci\u00f3n de un \u00e1rea con actividad acad\u00e9mica, universitaria, de aprendizaje e investigaci\u00f3n, un espacio de interacci\u00f3n entre universidad y empresa.<\/p><p class=\"p1\">Actualmente, el Consorcio est\u00e1 constituido por las instituciones siguientes: Ajuntament de Barcelona, Ajuntament de Sant Adri\u00e0 de Bes\u00f2s, \u00c0rea Metropolitana de Barcelona y Consorcio del Bes\u00f2s.<\/p><p class=\"p1\">El \u00f3rgano de representaci\u00f3n del Consorcio es el Consejo General y est\u00e1 integrado por la presidencia, las vicepresidencias y los vocales designados por cada una de las administraciones consorciadas.<\/p>\t\t\t\t\t\t<\/div>\n\t\t\t\t<\/div>\n\t\t        <section class=\"elementor-section elementor-inner-section elementor-element elementor-element-0909e07 elementor-section-content-middle elementor-section-boxed elementor-section-height-default elementor-section-height-default ct-header-fixed-none ct-row-max-none\" data-id=\"0909e07\" data-element_type=\"section\">\n            \n                        <div class=\"elementor-container elementor-column-gap-default \">\n                    <div class=\"elementor-column elementor-col-25 elementor-inner-column elementor-element elementor-element-064429a\" data-id=\"064429a\" data-element_type=\"column\">\n            <div class=\"elementor-widget-wrap elementor-element-populated\">\n                        \t\t<div class=\"elementor-element elementor-element-4b544c5 elementor-widget elementor-widget-image\" data-id=\"4b544c5\" data-element_type=\"widget\" data-widget_type=\"image.default\">\n\t\t\t\t<div class=\"elementor-widget-container\">\n\t\t\t<style>\/*! elementor - v3.8.1 - 13-11-2022 *\/\n.elementor-widget-image{text-align:center}.elementor-widget-image a{display:inline-block}.elementor-widget-image a img[src$=\".svg\"]{width:48px}.elementor-widget-image img{vertical-align:middle;display:inline-block}<\/style>\t\t\t\t\t\t\t\t\t\t\t\t\t<a href=\"https:\/\/ajuntament.barcelona.cat\/ca\/\" target=\"_blank\">\n\t\t\t\t\t\t\t<img decoding=\"async\" width=\"640\" height=\"164\" src=\"https:\/\/campusdiagonalbesos.com\/wp-content\/uploads\/2025\/12\/AJBCN_Sign_Com_Vermell_Transparent-1024x262.png\" class=\"attachment-large size-large\" alt=\"\" srcset=\"https:\/\/campusdiagonalbesos.com\/wp-content\/uploads\/2025\/12\/AJBCN_Sign_Com_Vermell_Transparent-1024x262.png 1024w, https:\/\/campusdiagonalbesos.com\/wp-content\/uploads\/2025\/12\/AJBCN_Sign_Com_Vermell_Transparent-300x77.png 300w, https:\/\/campusdiagonalbesos.com\/wp-content\/uploads\/2025\/12\/AJBCN_Sign_Com_Vermell_Transparent-768x197.png 768w, https:\/\/campusdiagonalbesos.com\/wp-content\/uploads\/2025\/12\/AJBCN_Sign_Com_Vermell_Transparent-1536x393.png 1536w, https:\/\/campusdiagonalbesos.com\/wp-content\/uploads\/2025\/12\/AJBCN_Sign_Com_Vermell_Transparent-2048x525.png 2048w\" sizes=\"(max-width: 640px) 100vw, 640px\" \/>\t\t\t\t\t\t\t\t<\/a>\n\t\t\t\t\t\t\t\t\t\t\t\t\t\t\t<\/div>\n\t\t\t\t<\/div>\n\t\t            <\/div>\n        <\/div>\n                <div class=\"elementor-column elementor-col-25 elementor-inner-column elementor-element elementor-element-0cfb5a0\" data-id=\"0cfb5a0\" data-element_type=\"column\">\n            <div class=\"elementor-widget-wrap elementor-element-populated\">\n                        \t\t<div class=\"elementor-element elementor-element-feb4bae elementor-widget elementor-widget-image\" data-id=\"feb4bae\" data-element_type=\"widget\" data-widget_type=\"image.default\">\n\t\t\t\t<div class=\"elementor-widget-container\">\n\t\t\t\t\t\t\t\t\t\t\t\t\t\t\t\t<a href=\"http:\/\/www.sant-adria.net\/\" target=\"_blank\">\n\t\t\t\t\t\t\t<img decoding=\"async\" width=\"640\" height=\"168\" src=\"https:\/\/campusdiagonalbesos.com\/wp-content\/uploads\/2022\/02\/logo_aju_sant_adria_besos.png\" class=\"attachment-large size-large\" alt=\"\" srcset=\"https:\/\/campusdiagonalbesos.com\/wp-content\/uploads\/2022\/02\/logo_aju_sant_adria_besos.png 909w, https:\/\/campusdiagonalbesos.com\/wp-content\/uploads\/2022\/02\/logo_aju_sant_adria_besos-300x79.png 300w, https:\/\/campusdiagonalbesos.com\/wp-content\/uploads\/2022\/02\/logo_aju_sant_adria_besos-768x202.png 768w\" sizes=\"(max-width: 640px) 100vw, 640px\" \/>\t\t\t\t\t\t\t\t<\/a>\n\t\t\t\t\t\t\t\t\t\t\t\t\t\t\t<\/div>\n\t\t\t\t<\/div>\n\t\t            <\/div>\n        <\/div>\n                <div class=\"elementor-column elementor-col-25 elementor-inner-column elementor-element elementor-element-7448dc2\" data-id=\"7448dc2\" data-element_type=\"column\">\n            <div class=\"elementor-widget-wrap elementor-element-populated\">\n                        \t\t<div class=\"elementor-element elementor-element-07872fe elementor-widget elementor-widget-image\" data-id=\"07872fe\" data-element_type=\"widget\" data-widget_type=\"image.default\">\n\t\t\t\t<div class=\"elementor-widget-container\">\n\t\t\t\t\t\t\t\t\t\t\t\t\t\t\t\t<a href=\"https:\/\/www.amb.cat\/s\/home.html\" target=\"_blank\">\n\t\t\t\t\t\t\t<img decoding=\"async\" width=\"640\" height=\"93\" src=\"https:\/\/campusdiagonalbesos.com\/wp-content\/uploads\/2022\/02\/logo_amb-1024x149.png\" class=\"attachment-large size-large\" alt=\"\" srcset=\"https:\/\/campusdiagonalbesos.com\/wp-content\/uploads\/2022\/02\/logo_amb-1024x149.png 1024w, https:\/\/campusdiagonalbesos.com\/wp-content\/uploads\/2022\/02\/logo_amb-300x44.png 300w, https:\/\/campusdiagonalbesos.com\/wp-content\/uploads\/2022\/02\/logo_amb-768x112.png 768w, https:\/\/campusdiagonalbesos.com\/wp-content\/uploads\/2022\/02\/logo_amb.png 1140w\" sizes=\"(max-width: 640px) 100vw, 640px\" \/>\t\t\t\t\t\t\t\t<\/a>\n\t\t\t\t\t\t\t\t\t\t\t\t\t\t\t<\/div>\n\t\t\t\t<\/div>\n\t\t            <\/div>\n        <\/div>\n                <div class=\"elementor-column elementor-col-25 elementor-inner-column elementor-element elementor-element-18c3a85\" data-id=\"18c3a85\" data-element_type=\"column\">\n            <div class=\"elementor-widget-wrap elementor-element-populated\">\n                        \t\t<div class=\"elementor-element elementor-element-aeed43b elementor-widget elementor-widget-image\" data-id=\"aeed43b\" data-element_type=\"widget\" data-widget_type=\"image.default\">\n\t\t\t\t<div class=\"elementor-widget-container\">\n\t\t\t\t\t\t\t\t\t\t\t\t\t\t\t\t<a href=\"http:\/\/www.consorci-besos.com\/\" target=\"_blank\">\n\t\t\t\t\t\t\t<img decoding=\"async\" width=\"640\" height=\"141\" src=\"https:\/\/campusdiagonalbesos.com\/wp-content\/uploads\/2022\/02\/logo_consorci.png\" class=\"attachment-large size-large\" alt=\"\" srcset=\"https:\/\/campusdiagonalbesos.com\/wp-content\/uploads\/2022\/02\/logo_consorci.png 640w, https:\/\/campusdiagonalbesos.com\/wp-content\/uploads\/2022\/02\/logo_consorci-300x66.png 300w\" sizes=\"(max-width: 640px) 100vw, 640px\" \/>\t\t\t\t\t\t\t\t<\/a>\n\t\t\t\t\t\t\t\t\t\t\t\t\t\t\t<\/div>\n\t\t\t\t<\/div>\n\t\t            <\/div>\n        <\/div>\n                            <\/div>\n        <\/section>\n                    <\/div>\n        <\/div>\n                <div class=\"elementor-column elementor-col-33 elementor-top-column elementor-element elementor-element-5f99b337\" data-id=\"5f99b337\" data-element_type=\"column\">\n            <div class=\"elementor-widget-wrap elementor-element-populated\">\n                        \t\t<div class=\"elementor-element elementor-element-32d74414 elementor-widget elementor-widget-ct_navigation_menu\" data-id=\"32d74414\" data-element_type=\"widget\" data-widget_type=\"ct_navigation_menu.default\">\n\t\t\t\t<div class=\"elementor-widget-container\">\n\t\t\t    <div id=\"ct_navigation_menu-32d74414\" class=\"ct-navigation-menu1 default\">\r\n        <div class=\"menu-el-consorcio-container\"><ul id=\"menu-el-consorcio\" class=\"menu\"><li id=\"menu-item-6502\" class=\"menu-item menu-item-type-post_type menu-item-object-page menu-item-6502\"><a href=\"https:\/\/campusdiagonalbesos.com\/es\/el-consorci\/\">Presentaci\u00f3n<\/a><\/li>\n<li id=\"menu-item-6505\" class=\"menu-item menu-item-type-post_type menu-item-object-page menu-item-6505\"><a href=\"https:\/\/campusdiagonalbesos.com\/es\/el-consorci\/organos-de-gobierno\/\">\u00d3rganos de Gobierno<\/a><\/li>\n<li id=\"menu-item-6503\" class=\"menu-item menu-item-type-post_type menu-item-object-page menu-item-6503\"><a href=\"https:\/\/campusdiagonalbesos.com\/es\/el-consorci\/estatutos\/\">Estatutos<\/a><\/li>\n<li id=\"menu-item-6504\" class=\"menu-item menu-item-type-post_type menu-item-object-page menu-item-6504\"><a href=\"https:\/\/campusdiagonalbesos.com\/es\/el-consorci\/memoria-anual\/\">Memoria Anual<\/a><\/li>\n<li id=\"menu-item-6726\" class=\"menu-item menu-item-type-post_type menu-item-object-page menu-item-6726\"><a href=\"https:\/\/campusdiagonalbesos.com\/es\/el-consorci\/memoria-anual\/\">Memoria Anual<\/a><\/li>\n<\/ul><\/div>    <\/div>\r\n\t\t<\/div>\n\t\t\t\t<\/div>\n\t\t\t\t<div class=\"elementor-element elementor-element-1e9a8e09 elementor-widget elementor-widget-spacer\" data-id=\"1e9a8e09\" data-element_type=\"widget\" data-widget_type=\"spacer.default\">\n\t\t\t\t<div class=\"elementor-widget-container\">\n\t\t\t<style>\/*! elementor - v3.8.1 - 13-11-2022 *\/\n.elementor-column .elementor-spacer-inner{height:var(--spacer-size)}.e-con{--container-widget-width:100%}.e-con-inner>.elementor-widget-spacer,.e-con>.elementor-widget-spacer{width:var(--container-widget-width,var(--spacer-size));-ms-flex-item-align:stretch;align-self:stretch;-ms-flex-negative:0;flex-shrink:0}.e-con-inner>.elementor-widget-spacer>.elementor-widget-container,.e-con-inner>.elementor-widget-spacer>.elementor-widget-container>.elementor-spacer,.e-con>.elementor-widget-spacer>.elementor-widget-container,.e-con>.elementor-widget-spacer>.elementor-widget-container>.elementor-spacer{height:100%}.e-con-inner>.elementor-widget-spacer>.elementor-widget-container>.elementor-spacer>.elementor-spacer-inner,.e-con>.elementor-widget-spacer>.elementor-widget-container>.elementor-spacer>.elementor-spacer-inner{height:var(--container-widget-height,var(--spacer-size))}<\/style>\t\t<div class=\"elementor-spacer\">\n\t\t\t<div class=\"elementor-spacer-inner\"><\/div>\n\t\t<\/div>\n\t\t\t\t<\/div>\n\t\t\t\t<\/div>\n\t\t\t\t<div class=\"elementor-element elementor-element-3b29a780 elementor-widget elementor-widget-ct_download\" data-id=\"3b29a780\" data-element_type=\"widget\" data-widget_type=\"ct_download.default\">\n\t\t\t\t<div class=\"elementor-widget-container\">\n\t\t\t    <div class=\"ct-download\">\r\n                    <div class=\"item--download\">\r\n                <a href=\"https:\/\/campusdiagonalbesos.com\/wp-content\/uploads\/2025\/06\/Presentacio_Campus-Diagonal-Besos_ABRIL_2025_BAIXA.pdf\" target=\"_blank\">\r\n            \t<i aria-hidden=\"true\" class=\"material zmdi zmdi-download\"><\/i>                                <span>Descargar Presentaci\u00f3n<\/span>\r\n            \t<\/a>\r\n           <\/div>\r\n            <\/div>\r\n\t\t<\/div>\n\t\t\t\t<\/div>\n\t\t\t\t<div class=\"elementor-element elementor-element-409b666 elementor-widget elementor-widget-spacer\" data-id=\"409b666\" data-element_type=\"widget\" data-widget_type=\"spacer.default\">\n\t\t\t\t<div class=\"elementor-widget-container\">\n\t\t\t\t\t<div class=\"elementor-spacer\">\n\t\t\t<div class=\"elementor-spacer-inner\"><\/div>\n\t\t<\/div>\n\t\t\t\t<\/div>\n\t\t\t\t<\/div>\n\t\t\t\t<div class=\"elementor-element elementor-element-f8ac459 elementor-widget elementor-widget-ct_title\" data-id=\"f8ac459\" data-element_type=\"widget\" data-widget_type=\"ct_title.default\">\n\t\t\t\t<div class=\"elementor-widget-container\">\n\t\t\t<div class=\"ct-title1 style2\">\r\n    <h3>\r\n    \t\t        <span>Datos de contacto<\/span>\r\n\t        <i><\/i>\r\n\t        <\/h3>\r\n<\/div>\t\t<\/div>\n\t\t\t\t<\/div>\n\t\t\t\t<div class=\"elementor-element elementor-element-568adaaa elementor-widget elementor-widget-ct_contact_info\" data-id=\"568adaaa\" data-element_type=\"widget\" data-widget_type=\"ct_contact_info.default\">\n\t\t\t\t<div class=\"elementor-widget-container\">\n\t\t\t    <ul id=\"ct_contact_info-568adaaa\" class=\"ct-contact-info ct-contact-info1 style2 \">\r\n        <div class=\"ct-inline-css\"  data-css=\"\r\n            \">\r\n\r\n        <\/div>\r\n                    <li>\r\n            \t\t\t\t        <span class=\"ct-contact-icon\">\r\n\t\t                <i aria-hidden=\"true\" class=\"fas fa-map-marked-alt\"><\/i>\t\t                \t\t\t        <\/span>\r\n\t\t\t                                                        <span class=\"ct-contact-content\">\r\n                       <a href=\"https:\/\/www.google.com\/maps\/place\/CCIDB\/@41.4152502,2.2229382,15z\/data=!4m5!3m4!1s0x0:0x9a0d851efa125bd8!8m2!3d41.4152529!4d2.2229329\" target=\"blank\">Avinguda d\u2019Eduard Maristany, 16<br \/>\nEdifici C \u2013 Planta baixa<br \/>\n08930 Sant Adri\u00e0 de Bes\u00f2s<\/a>                    <\/span>\r\n                           <\/li>\r\n                    <li>\r\n            \t\t\t\t        <span class=\"ct-contact-icon\">\r\n\t\t                <i aria-hidden=\"true\" class=\"material zmdi zmdi-phone\"><\/i>\t\t                \t\t\t        <\/span>\r\n\t\t\t                                                        <span class=\"ct-contact-content\">\r\n                       <a href=\"tel:934626868\">934626868<\/a><br>                    <\/span>\r\n                           <\/li>\r\n                    <li>\r\n            \t\t\t\t        <span class=\"ct-contact-icon\">\r\n\t\t                <i aria-hidden=\"true\" class=\"material zmdi zmdi-email-open\"><\/i>\t\t                \t\t\t        <\/span>\r\n\t\t\t                                                        <span class=\"ct-contact-content\">\r\n                       <a href=\"mailto:consorci@consorcicampusdiagonalbesos.cat\">consorci@consorcicampusdiagonalbesos.cat<\/a>                    <\/span>\r\n                           <\/li>\r\n            <\/ul>\r\n\t\t<\/div>\n\t\t\t\t<\/div>\n\t\t\t\t<div class=\"elementor-element elementor-element-1c2c0d57 elementor-widget elementor-widget-spacer\" data-id=\"1c2c0d57\" data-element_type=\"widget\" data-widget_type=\"spacer.default\">\n\t\t\t\t<div class=\"elementor-widget-container\">\n\t\t\t\t\t<div class=\"elementor-spacer\">\n\t\t\t<div class=\"elementor-spacer-inner\"><\/div>\n\t\t<\/div>\n\t\t\t\t<\/div>\n\t\t\t\t<\/div>\n\t\t            <\/div>\n        <\/div>\n                            <\/div>\n        <\/section>\n        \t\t\t\t\t<\/div>\n\t\t","protected":false},"excerpt":{"rendered":"<p>Consorcio del Campus Diagonal-Bes\u00f2s El Consorcio del Campus Diagonal-Bes\u00f2s es un ente p\u00fablico de car\u00e1cter local constituido en 2002. Fue creado a iniciativa de los propietarios p\u00fablicos del \u00e1rea definida como sector C4 de la Modificaci\u00f3n del Plan general metropolitano del frente litoral y del margen derecho del r\u00edo Bes\u00f3s (zona comprendida entre la calle [&hellip;]<\/p>\n","protected":false},"author":1,"featured_media":5161,"parent":0,"menu_order":0,"comment_status":"closed","ping_status":"closed","template":"","meta":{"inline_featured_image":false,"footnotes":""},"class_list":["post-6399","page","type-page","status-publish","has-post-thumbnail","hentry"],"_links":{"self":[{"href":"https:\/\/campusdiagonalbesos.com\/es\/wp-json\/wp\/v2\/pages\/6399","targetHints":{"allow":["GET"]}}],"collection":[{"href":"https:\/\/campusdiagonalbesos.com\/es\/wp-json\/wp\/v2\/pages"}],"about":[{"href":"https:\/\/campusdiagonalbesos.com\/es\/wp-json\/wp\/v2\/types\/page"}],"author":[{"embeddable":true,"href":"https:\/\/campusdiagonalbesos.com\/es\/wp-json\/wp\/v2\/users\/1"}],"replies":[{"embeddable":true,"href":"https:\/\/campusdiagonalbesos.com\/es\/wp-json\/wp\/v2\/comments?post=6399"}],"version-history":[{"count":29,"href":"https:\/\/campusdiagonalbesos.com\/es\/wp-json\/wp\/v2\/pages\/6399\/revisions"}],"predecessor-version":[{"id":9174,"href":"https:\/\/campusdiagonalbesos.com\/es\/wp-json\/wp\/v2\/pages\/6399\/revisions\/9174"}],"wp:featuredmedia":[{"embeddable":true,"href":"https:\/\/campusdiagonalbesos.com\/es\/wp-json\/wp\/v2\/media\/5161"}],"wp:attachment":[{"href":"https:\/\/campusdiagonalbesos.com\/es\/wp-json\/wp\/v2\/media?parent=6399"}],"curies":[{"name":"wp","href":"https:\/\/api.w.org\/{rel}","templated":true}]}}