{"id":6408,"date":"2022-02-24T11:01:36","date_gmt":"2022-02-24T11:01:36","guid":{"rendered":"https:\/\/campus.molismedia.com\/?page_id=6408"},"modified":"2025-06-03T10:00:43","modified_gmt":"2025-06-03T10:00:43","slug":"organos-de-gobierno","status":"publish","type":"page","link":"https:\/\/campusdiagonalbesos.com\/es\/el-consorci\/organos-de-gobierno\/","title":{"rendered":"\u00d3rganos de Gobierno"},"content":{"rendered":"<h1 data-wow-delay=\"ms\">\n                            <i><\/i><br \/>\n            \u00d3rganos de Gobierno<br \/>\n            <\/h1>\n<p>El gobierno y la administraci\u00f3n del Consorcio ir\u00e1n a cargo de los siguientes \u00f3rganos:<\/p>\n<p>\t            \t\tLa presidencia y las vicepresidencias<br \/>\n                                            <a href=\"#presidencia\"><\/a><br \/>\n\t            \t\tEl consejo general<br \/>\n                                            <a href=\"#consejo\"><\/a><br \/>\n\t            \t\tLa gerencia<br \/>\n                                            <a href=\"#gerencia\"><\/a><\/p>\n<style>\/*! elementor - v3.8.1 - 13-11-2022 *\/\n.elementor-widget-image{text-align:center}.elementor-widget-image a{display:inline-block}.elementor-widget-image a img[src$=\".svg\"]{width:48px}.elementor-widget-image img{vertical-align:middle;display:inline-block}<\/style>\n<p>\t\t\t\t\t\t\t\t\t\t\t\t\t<a href=\"https:\/\/ajuntament.barcelona.cat\/ca\/\" target=\"_blank\"><br \/>\n\t\t\t\t\t\t\t<img decoding=\"async\" width=\"640\" height=\"217\" src=\"https:\/\/campusdiagonalbesos.com\/wp-content\/uploads\/2022\/02\/logo_aju_barcelona.png\" alt=\"\" srcset=\"https:\/\/campusdiagonalbesos.com\/wp-content\/uploads\/2022\/02\/logo_aju_barcelona.png 908w, https:\/\/campusdiagonalbesos.com\/wp-content\/uploads\/2022\/02\/logo_aju_barcelona-300x102.png 300w, https:\/\/campusdiagonalbesos.com\/wp-content\/uploads\/2022\/02\/logo_aju_barcelona-768x261.png 768w\" sizes=\"(max-width: 640px) 100vw, 640px\" \/>\t\t\t\t\t\t\t\t<\/a><br \/>\n\t\t\t\t\t\t\t\t\t\t\t\t\t\t\t\t<a href=\"http:\/\/www.sant-adria.net\/\" target=\"_blank\"><br \/>\n\t\t\t\t\t\t\t<img decoding=\"async\" width=\"640\" height=\"168\" src=\"https:\/\/campusdiagonalbesos.com\/wp-content\/uploads\/2022\/02\/logo_aju_sant_adria_besos.png\" alt=\"\" srcset=\"https:\/\/campusdiagonalbesos.com\/wp-content\/uploads\/2022\/02\/logo_aju_sant_adria_besos.png 909w, https:\/\/campusdiagonalbesos.com\/wp-content\/uploads\/2022\/02\/logo_aju_sant_adria_besos-300x79.png 300w, https:\/\/campusdiagonalbesos.com\/wp-content\/uploads\/2022\/02\/logo_aju_sant_adria_besos-768x202.png 768w\" sizes=\"(max-width: 640px) 100vw, 640px\" \/>\t\t\t\t\t\t\t\t<\/a><br \/>\n\t\t\t\t\t\t\t\t\t\t\t\t\t\t\t\t<a href=\"https:\/\/www.amb.cat\/s\/home.html\" target=\"_blank\"><br \/>\n\t\t\t\t\t\t\t<img decoding=\"async\" width=\"640\" height=\"93\" src=\"https:\/\/campusdiagonalbesos.com\/wp-content\/uploads\/2022\/02\/logo_amb-1024x149.png\" alt=\"\" srcset=\"https:\/\/campusdiagonalbesos.com\/wp-content\/uploads\/2022\/02\/logo_amb-1024x149.png 1024w, https:\/\/campusdiagonalbesos.com\/wp-content\/uploads\/2022\/02\/logo_amb-300x44.png 300w, https:\/\/campusdiagonalbesos.com\/wp-content\/uploads\/2022\/02\/logo_amb-768x112.png 768w, https:\/\/campusdiagonalbesos.com\/wp-content\/uploads\/2022\/02\/logo_amb.png 1140w\" sizes=\"(max-width: 640px) 100vw, 640px\" \/>\t\t\t\t\t\t\t\t<\/a><br \/>\n\t\t\t\t\t\t\t\t\t\t\t\t\t\t\t\t<a href=\"http:\/\/www.consorci-besos.com\/\" target=\"_blank\"><br \/>\n\t\t\t\t\t\t\t<img decoding=\"async\" width=\"640\" height=\"141\" src=\"https:\/\/campusdiagonalbesos.com\/wp-content\/uploads\/2022\/02\/logo_consorci.png\" alt=\"\" srcset=\"https:\/\/campusdiagonalbesos.com\/wp-content\/uploads\/2022\/02\/logo_consorci.png 640w, https:\/\/campusdiagonalbesos.com\/wp-content\/uploads\/2022\/02\/logo_consorci-300x66.png 300w\" sizes=\"(max-width: 640px) 100vw, 640px\" \/>\t\t\t\t\t\t\t\t<\/a><\/p>\n<h2 data-wow-delay=\"ms\">\n                            <i><\/i><br \/>\n            La presidencia y las vicepresidencias<br \/>\n            <\/h2>\n<p>La presidencia del Consorci corresponder\u00e1 al alcalde\/esa de Barcelona; las vicepresidencias, en n\u00famero de dos, al alcalde\/esa de Sant Adri\u00e0 de Bes\u00f2s y al presidente\/a de el \u00e1rea Metropolitana de Barcelona. Dado que la presidencia del Consorci del Bes\u00f2s recae en el alcalde\/esa de Barcelona, no se otorga ninguna vicepresidencia a esta entidad por hallarse ya representada.<\/p>\n<h3 data-wow-delay=\"ms\">\n            Funciones de la presidencia<br \/>\n            <\/h3>\n<ol type=\"a\">\n<li>Representar oficialmente el Consorci.<\/li>\n<li>Convocar, presidir, suspender y levantar las sesiones del Consejo General, dirigir las deliberaciones y decidir los empates con voto de calidad.<\/li>\n<li>Ejercer, en caso de urgencia, toda clase de acciones y excepciones, interponer recursos y reclamaciones judiciales y administrativas en defensa de los derechos y\/o intereses del Consorci, dando cuenta al Consejo General en la primera reuni\u00f3n que celebre.<\/li>\n<li>Velar por el cumplimiento de los acuerdos adoptados por los \u00f3rganos colegiados de gobierno del Consorcio y dictar las disposiciones necesarias que sean pertinentes para su efectividad.<\/li>\n<li>Elevar al Consejo General la documentaci\u00f3n y los informes que crea oportunos.<\/li>\n<li>Ejercer en casos de urgencia las funciones encomendadas al Consejo General, dando cuenta de las resoluciones adoptadas en la primera reuni\u00f3n que celebre.<\/li>\n<li>Aprobar la liquidaci\u00f3n del presupuesto.<\/li>\n<li>Proponer la aprobaci\u00f3n de la Cuenta General y de Inventarios de Bienes.<\/li>\n<li>Rendir cuentas ante el Consejo General.<\/li>\n<li>Proponer al Consejo General el nombramiento y cese del gerente o de la gerente del Consorci.<\/li>\n<li>Nombrar al tesorero\/a del Consorci.\u00a0<\/li>\n<li>Proponer al Consejo General, si se tercia, la aprobaci\u00f3n de la plantilla y la relaci\u00f3n de puestos de trabajo, y nombrar, contratar, sancionar y despedir al personal.<\/li>\n<li>Aprobar las bases de selecci\u00f3n del personal del Consorci y fijar sus retribuciones y condiciones de trabajo.<\/li>\n<li>Proponer, en su caso, al Consejo General los convenios interadministrativos de encargo de gesti\u00f3n y los contratos de constituci\u00f3n del derecho de superficie en cuanto a los suelos adscritos al Consorci, los de arrendamiento de los edificios construidos, as\u00ed como cualquier otra clase de contratos o convenios que sean necesarios para la gesti\u00f3n del patrimonio del que es titular o del que tenga en gesti\u00f3n.<\/li>\n<li>Aprobar convenios y firmar contratos con otras entidades dentro de su \u00e1mbito competencial, dando cuenta al Consejo General.<\/li>\n<li>Aceptar donaciones, mandas y herencias a favor del Consorci.\u00a0<\/li>\n<li>Adquirir bienes inmuebles dentro de los l\u00edmites de su competencia de aprobaci\u00f3n de gastos.<\/li>\n<li>Cualquier otro asunto que sea de competencia del Consorci y que no est\u00e9 reservado de manera expresa a otro \u00f3rgano, o le sean delegadas por el Consejo General.<\/li>\n<\/ol>\n<h2 data-wow-delay=\"ms\">\n                            <i><\/i><br \/>\n            Consejo General<br \/>\n            <\/h2>\n<p>El Consejo General es el \u00f3rgano de representaci\u00f3n de los entes que componen el Consorci y, por consiguiente, es su \u00f3rgano supremo de deliberaci\u00f3n y decisi\u00f3n.<\/p>\n<h3 data-wow-delay=\"ms\">\n            Funciones del consejo general<br \/>\n            <\/h3>\n<p>Corresponden al Consejo General las funciones siguientes:<\/p>\n<ol>\n<li>Fijar directrices y criterios generales de actuaci\u00f3n para el cumplimiento de las finalidades del Consorci.<\/li>\n<li>Aprobar el presupuesto y la imposici\u00f3n, en su caso, de tasas o precios para la prestaci\u00f3n de servicios, as\u00ed como las ordenanzas fiscales preceptivas.<\/li>\n<li>Aprobar la plantilla y la relaci\u00f3n de puestos de trabajo.<\/li>\n<li>Aprobar los cr\u00e9ditos extraordinarios, los suplementos de cr\u00e9dito y las transferencias de cr\u00e9dito cuando impliquen cambio de grupo de funci\u00f3n, excepto en el supuesto de que las altas y las bajas afecten cr\u00e9ditos del Cap\u00edtulo I del Presupuesto.<\/li>\n<li>Aprobar el Plan anual de actuaci\u00f3n.<\/li>\n<li>Aprobar, previa autorizaci\u00f3n de la Administraci\u00f3n de adscripci\u00f3n, las operaciones de cr\u00e9dito, si tienen una duraci\u00f3n superior a un a\u00f1o y si el importe acumulado dentro de cada ejercicio econ\u00f3mico supera el 10\u2009% de los recursos ordinarios del presupuesto del Consorci, y las operaciones de cr\u00e9dito a corto plazo cuando el importe acumulado de las operaciones vivas supere el 15\u2009% de los recursos corrientes liquidados en el ejercicio anterior.<\/li>\n<li>Disponer y grabar bienes del Consorci. Aprobar la constituci\u00f3n de derechos de superficie y concertar los arrendamientos de los edificios.<\/li>\n<li>Nombrar y cesar al gerente o la gerente del Consorci.<\/li>\n<li>Aprobar la rendici\u00f3n de cuentas.<\/li>\n<li>Aprobar los contratos de duraci\u00f3n superior en el a\u00f1o, siempre que su importe supere el 10\u2009% de los recursos ordinarios del presupuesto. Aprobar, as\u00ed mismo, los convenios interadministrativos de encomienda de gesti\u00f3n con alguno de los entes que conformen el Consorcio o con alguno de los entes de gesti\u00f3n de estos \u00faltimos.<\/li>\n<li>Aprobar la ampliaci\u00f3n del Consorci.<\/li>\n<li>Acordar la modificaci\u00f3n de los estatutos, proponiendo su ratificaci\u00f3n a los entes consorciados.<\/li>\n<li>Aprobar el reglamento org\u00e1nico y la estructura organizativa del Consorci.<\/li>\n<li>Aprobar la memoria anual.<\/li>\n<li>Constituir o participar, previa autorizaci\u00f3n de la administraci\u00f3n de adscripci\u00f3n, en otras entidades p\u00fablicas o privadas. Constituir ente de gesti\u00f3n para sus funciones o servicios.<\/li>\n<li>Aprobar la continuidad del Consorci en caso de separaci\u00f3n de alguno de sus miembros.<\/li>\n<li>Proponer la disoluci\u00f3n del Consorci a las entidades consorciadas.<\/li>\n<li>Aprobar la condici\u00f3n de beneficiario de las expropiaciones que puedan ser necesarias para lograr las finalidades del Consorci.<\/li>\n<li>Aprobar convenios con terceros con el fin de que el Consorci gestione bienes de su propiedad juntamente con los propios.<\/li>\n<\/ol>\n<h3 data-wow-delay=\"ms\">\n            Miembros del consejo general<br \/>\n            <\/h3>\n<h4 data-wow-delay=\"ms\">\n            Ayuntamiento de Barcelona<br \/>\n            <\/h4>\n<ul>\n<li style=\"font-weight: 400;\" aria-level=\"1\"><a href=\"https:\/\/ajuntament.barcelona.cat\/agenda\/psc\/es\/laia-bonet-rull#\" target=\"_blank\" rel=\"noopener\">Laia Bonet Rull<\/a> (presidenta)<\/li>\n<li style=\"font-weight: 400;\" aria-level=\"1\"><a href=\"https:\/\/ajuntament.barcelona.cat\/agenda\/psc\/es\/maria-eugenia-gay-rosell#\" target=\"_blank\" rel=\"noopener\">Maria Eug\u00e8nia Gay Rosell<\/a><\/li>\n<li style=\"font-weight: 400;\" aria-level=\"1\"><a href=\"https:\/\/ajuntament.barcelona.cat\/agenda\/psc\/es\/david-escude-rodriguez\" target=\"_blank\" rel=\"noopener\">David Escud\u00e9 Rodr\u00edguez<\/a><\/li>\n<\/ul>\n<h4 data-wow-delay=\"ms\">\n            Ayuntamiendo de Sant Adri\u00e0 de Bes\u00f2s<br \/>\n            <\/h4>\n<ul>\n<li aria-level=\"1\"><a href=\"https:\/\/www.diba.cat\/web\/ladiputacio\/-\/filo-canete-carrillo\" target=\"_blank\" rel=\"noopener\">Filomena Ca\u00f1ete Carrillo<\/a>\u00a0(vicepresidenta)<\/li>\n<li aria-level=\"1\"><a href=\"https:\/\/www.sant-adria.cat\/el-govern\/membres-govern\/regidor-antoni-velez-i-barajas\" target=\"_blank\" rel=\"noopener\">Antoni V\u00e9lez Barajas<\/a><\/li>\n<li aria-level=\"1\"><a href=\"https:\/\/www.sant-adria.cat\/el-govern\/membres-govern\/regidora-irene-aldabert-gonzalez\" target=\"_blank\" rel=\"noopener\">Irene Aldabert Gonz\u00e1lez<\/a><\/li>\n<\/ul>\n<h4 data-wow-delay=\"ms\">\n            \u00c1rea Metropolitana de Barcelona<br \/>\n            <\/h4>\n<ul>\n<li style=\"font-weight: 400;\" aria-level=\"1\"><a href=\"https:\/\/ajuntament.barcelona.cat\/agenda\/psc\/es\/jordi-valls-riera\" target=\"_blank\" rel=\"noopener\">Jordi Valls Riera<\/a> (vicepresidente)<\/li>\n<li style=\"font-weight: 400;\" aria-level=\"1\"><a href=\"https:\/\/campusdiagonalbesos.com\/wp-content\/uploads\/2025\/05\/CV_Eduard_Saurina_AMB.pdf\" target=\"_blank\" rel=\"noopener\">Eduard Saurina Maspoch<\/a><\/li>\n<li style=\"font-weight: 400;\" aria-level=\"1\"><a href=\"https:\/\/docs.amb.cat\/alfresco\/api\/-default-\/public\/alfresco\/versions\/1\/nodes\/3628dbd2-5685-44e6-a358-f2d290ba2c0b\/content\/CV_DIRECTIU_%20EPUJOL.pdf?attachment=false&amp;mimeType=application\/pdf&amp;sizeInBytes=411191\" target=\"_blank\" rel=\"noopener\">Ester Pujol Mart\u00ed<\/a><\/li>\n<\/ul>\n<h4 data-wow-delay=\"ms\">\n            Consorcio del Bes\u00f2s<br \/>\n            <\/h4>\n<ul>\n<li>Pendiente nombramiento<\/li>\n<\/ul>\n<h4 data-wow-delay=\"ms\">\n            Otros asistentes del Consejo<br \/>\n            <\/h4>\n<ul>\n<li style=\"font-weight: 400;\" aria-level=\"1\">Ferran Falc\u00f3 Isern (gerente)<\/li>\n<li style=\"font-weight: 400;\" aria-level=\"1\">Eva Red\u00f3 Verdaguer (secretaria)<\/li>\n<li style=\"font-weight: 400;\" aria-level=\"1\">Daniel Mas Fontcuberta (interventor)<\/li>\n<\/ul>\n<h2 data-wow-delay=\"ms\">\n                            <i><\/i><br \/>\n            Gerencia<br \/>\n            <\/h2>\n<h3 data-wow-delay=\"ms\">\n            Funciones de gerencia<br \/>\n            <\/h3>\n<p>La gerencia del Consorci tendr\u00e1 las funciones siguientes:<\/p>\n<ol>\n<li>Dirigir, coordinar, organizar y supervisar los servicios del Consorci.<\/li>\n<li>Ejecutar los acuerdos adoptados por los diferentes \u00f3rganos del Consorci.\u00a0<\/li>\n<li>Gestionar el presupuesto y ordenar los pagos.<\/li>\n<li>Representar el Consorci cuando esta representaci\u00f3n no sea asumida directamente por el presidente o presidenta o por otro miembro del Consejo General en qui\u00e9n este haya delegado.\u00a0<\/li>\n<li>Elaborar y presentar a la presidencia porque lo someta a aprobaci\u00f3n del Consejo General cuando corresponda:<br \/>\u00b7 El plan anual de actuaci\u00f3n y los programas que se deriven. <br \/>\u00b7 El anteproyecto de presupuesto.<br \/>\u00b7 La memoria anual de actividad.<br \/>\u00b7 El reglamento org\u00e1nico y, en su caso, la estructura org\u00e1nica del Consorci.<\/li>\n<li>Elaborar y mantener actualizado el inventario de bienes y derechos del Consorci.<\/li>\n<li>Aprobar los contratos de duraci\u00f3n igual o inferior en el a\u00f1o, siempre que su importe no exceda del 5\u2009% de los recursos ordinarios del presupuesto.<\/li>\n<li>Ejercer, respecto del personal, en su caso, el resto de las funciones no reservadas a los otros \u00f3rganos.<\/li>\n<li>Mantener las relaciones interadministrativas con las entidades y organismos p\u00fablicos o privados necesarias para el correcto funcionamiento del Consorci.<\/li>\n<li>Asistir con voz y sin voto a las sesiones del Consejo General y los \u00f3rganos consultivos que se creen.<\/li>\n<li>Elaborar y presentar a la presidencia la propuesta de liquidaci\u00f3n del presupuesto.<\/li>\n<li>Velar por el mantenimiento general de las instalaciones, espacios libres, equipamientos y resto de edificios que existan en su \u00e1mbito.<\/li>\n<li>Aquellas otras que le sean delegadas o encomendadas por el resto de los \u00f3rganos del Consorci, de entre las de naturaleza delegable.\u00a0<\/li>\n<\/ol>\n<ul id=\"menu-el-consorcio\">\n<li id=\"menu-item-6502\"><a href=\"https:\/\/campusdiagonalbesos.com\/es\/el-consorci\/\">Presentaci\u00f3n<\/a><\/li>\n<li id=\"menu-item-6505\"><a href=\"https:\/\/campusdiagonalbesos.com\/es\/el-consorci\/organos-de-gobierno\/\">\u00d3rganos de Gobierno<\/a><\/li>\n<li id=\"menu-item-6503\"><a href=\"https:\/\/campusdiagonalbesos.com\/es\/el-consorci\/estatutos\/\">Estatutos<\/a><\/li>\n<li id=\"menu-item-6504\"><a href=\"https:\/\/campusdiagonalbesos.com\/es\/el-consorci\/memoria-anual\/\">Memoria Anual<\/a><\/li>\n<li id=\"menu-item-6726\"><a href=\"https:\/\/campusdiagonalbesos.com\/es\/el-consorci\/memoria-anual\/\">Memoria Anual<\/a><\/li>\n<\/ul>\n<style>\/*! elementor - v3.8.1 - 13-11-2022 *\/\n.elementor-column .elementor-spacer-inner{height:var(--spacer-size)}.e-con{--container-widget-width:100%}.e-con-inner>.elementor-widget-spacer,.e-con>.elementor-widget-spacer{width:var(--container-widget-width,var(--spacer-size));-ms-flex-item-align:stretch;align-self:stretch;-ms-flex-negative:0;flex-shrink:0}.e-con-inner>.elementor-widget-spacer>.elementor-widget-container,.e-con-inner>.elementor-widget-spacer>.elementor-widget-container>.elementor-spacer,.e-con>.elementor-widget-spacer>.elementor-widget-container,.e-con>.elementor-widget-spacer>.elementor-widget-container>.elementor-spacer{height:100%}.e-con-inner>.elementor-widget-spacer>.elementor-widget-container>.elementor-spacer>.elementor-spacer-inner,.e-con>.elementor-widget-spacer>.elementor-widget-container>.elementor-spacer>.elementor-spacer-inner{height:var(--container-widget-height,var(--spacer-size))}<\/style>\n<p>                <a href=\"https:\/\/campusdiagonalbesos.com\/wp-content\/uploads\/2025\/06\/Presentacio_Campus-Diagonal-Besos_ABRIL_2025_BAIXA.pdf\"><br \/>\n            \t                                Descargar Presentaci\u00f3n<br \/>\n            \t<\/a><\/p>\n<h3>\n    \t\t        Datos de contacto<br \/>\n\t        <i><\/i><br \/>\n\t        <\/h3>\n<ul id=\"ct_contact_info-34d7df1\">\n<li>\n                       <a href=\"https:\/\/www.google.com\/maps\/place\/CCIDB\/@41.4152502,2.2229382,15z\/data=!4m5!3m4!1s0x0:0x9a0d851efa125bd8!8m2!3d41.4152529!4d2.2229329\" target=\"blank\">Avinguda d\u2019Eduard Maristany, 16<br \/>\nEdifici C \u2013 Planta baixa<br \/>\n08930 Sant Adri\u00e0 de Bes\u00f2s<\/a>\n                           <\/li>\n<li>\n                       <a href=\"tel:933560980\">933 560 980<\/a><br \/> \n                           <\/li>\n<li>\n                       <a href=\"mailto:correu@campus-besos.cat\">consorci@consorcicampusdiagonalbesos.cat<\/a>\n                           <\/li>\n<\/ul>\n","protected":false},"excerpt":{"rendered":"<p>\u00d3rganos de Gobierno El gobierno y la administraci\u00f3n del Consorcio ir\u00e1n a cargo de los siguientes \u00f3rganos: La presidencia y las vicepresidencias El consejo general La gerencia La presidencia y las vicepresidencias La presidencia del Consorci corresponder\u00e1 al alcalde\/esa de Barcelona; las vicepresidencias, en n\u00famero de dos, al alcalde\/esa de Sant Adri\u00e0 de Bes\u00f2s y [&hellip;]<\/p>\n","protected":false},"author":1,"featured_media":5162,"parent":6399,"menu_order":0,"comment_status":"closed","ping_status":"closed","template":"","meta":{"inline_featured_image":false,"footnotes":""},"class_list":["post-6408","page","type-page","status-publish","has-post-thumbnail","hentry"],"_links":{"self":[{"href":"https:\/\/campusdiagonalbesos.com\/es\/wp-json\/wp\/v2\/pages\/6408","targetHints":{"allow":["GET"]}}],"collection":[{"href":"https:\/\/campusdiagonalbesos.com\/es\/wp-json\/wp\/v2\/pages"}],"about":[{"href":"https:\/\/campusdiagonalbesos.com\/es\/wp-json\/wp\/v2\/types\/page"}],"author":[{"embeddable":true,"href":"https:\/\/campusdiagonalbesos.com\/es\/wp-json\/wp\/v2\/users\/1"}],"replies":[{"embeddable":true,"href":"https:\/\/campusdiagonalbesos.com\/es\/wp-json\/wp\/v2\/comments?post=6408"}],"version-history":[{"count":54,"href":"https:\/\/campusdiagonalbesos.com\/es\/wp-json\/wp\/v2\/pages\/6408\/revisions"}],"predecessor-version":[{"id":9086,"href":"https:\/\/campusdiagonalbesos.com\/es\/wp-json\/wp\/v2\/pages\/6408\/revisions\/9086"}],"up":[{"embeddable":true,"href":"https:\/\/campusdiagonalbesos.com\/es\/wp-json\/wp\/v2\/pages\/6399"}],"wp:featuredmedia":[{"embeddable":true,"href":"https:\/\/campusdiagonalbesos.com\/es\/wp-json\/wp\/v2\/media\/5162"}],"wp:attachment":[{"href":"https:\/\/campusdiagonalbesos.com\/es\/wp-json\/wp\/v2\/media?parent=6408"}],"curies":[{"name":"wp","href":"https:\/\/api.w.org\/{rel}","templated":true}]}}