{"id":6429,"date":"2022-03-14T15:38:23","date_gmt":"2022-03-14T15:38:23","guid":{"rendered":"https:\/\/campus.molismedia.com\/?page_id=6429"},"modified":"2023-09-12T21:50:10","modified_gmt":"2023-09-12T21:50:10","slug":"edificio-a","status":"publish","type":"page","link":"https:\/\/campusdiagonalbesos.com\/es\/desarrollo-del-campus\/edificio-a\/","title":{"rendered":"Edificio A"},"content":{"rendered":"\t\t<div data-elementor-type=\"wp-page\" data-elementor-id=\"6429\" class=\"elementor elementor-6429 elementor-5663\">\n\t\t\t\t\t\t\t        <section class=\"elementor-section elementor-top-section elementor-element elementor-element-43115615 elementor-section-boxed elementor-section-height-default elementor-section-height-default ct-header-fixed-none ct-row-max-none\" data-id=\"43115615\" data-element_type=\"section\">\n            \n                        <div class=\"elementor-container elementor-column-gap-wider \">\n                    <div class=\"elementor-column elementor-col-66 elementor-top-column elementor-element elementor-element-6e9dcc4f\" data-id=\"6e9dcc4f\" data-element_type=\"column\">\n            <div class=\"elementor-widget-wrap elementor-element-populated\">\n                        \t\t<div class=\"elementor-element elementor-element-9ceaaeb elementor-widget elementor-widget-ct_heading\" data-id=\"9ceaaeb\" data-element_type=\"widget\" data-widget_type=\"ct_heading.default\">\n\t\t\t\t<div class=\"elementor-widget-container\">\n\t\t\t<div id=\"ct_heading-9ceaaeb\" class=\"ct-heading h-align- sub- ct-heading-left item-st-line-left1\">\r\n\t<div class=\"ct-inline-css\"  data-css=\"\r\n        \">\r\n    <\/div>\r\n        <h1 class=\"item--title st-line-left1 case-animate-time\" data-wow-delay=\"ms\">\r\n                <span class=\"sp-main\">\r\n                            <i><\/i>\r\n            \r\n            Edificio A\r\n            \r\n                    <\/span>\r\n            <\/h1>\r\n<\/div>\t\t<\/div>\n\t\t\t\t<\/div>\n\t\t\t\t<div class=\"elementor-element elementor-element-4acab56 elementor-widget elementor-widget-text-editor\" data-id=\"4acab56\" data-element_type=\"widget\" data-widget_type=\"text-editor.default\">\n\t\t\t\t<div class=\"elementor-widget-container\">\n\t\t\t<style>\/*! elementor - v3.8.1 - 13-11-2022 *\/\n.elementor-widget-text-editor.elementor-drop-cap-view-stacked .elementor-drop-cap{background-color:#818a91;color:#fff}.elementor-widget-text-editor.elementor-drop-cap-view-framed .elementor-drop-cap{color:#818a91;border:3px solid;background-color:transparent}.elementor-widget-text-editor:not(.elementor-drop-cap-view-default) .elementor-drop-cap{margin-top:8px}.elementor-widget-text-editor:not(.elementor-drop-cap-view-default) .elementor-drop-cap-letter{width:1em;height:1em}.elementor-widget-text-editor .elementor-drop-cap{float:left;text-align:center;line-height:1;font-size:50px}.elementor-widget-text-editor .elementor-drop-cap-letter{display:inline-block}<\/style>\t\t\t\t<p>En el edificio A, con 20.000 m\u00b2 de superficie sobre rasante, se concentran las actividades de docencia, los servicios y espacios de gesti\u00f3n.<\/p><p>Acoge principalmente, en sus doce plantas, instalaciones para la docencia como son aulas, laboratorios docentes, la biblioteca, la cafeter\u00eda o el sal\u00f3n de actos del Campus, y tambi\u00e9n varios grupos de investigaci\u00f3n en diferentes \u00e1mbitos de la ingenier\u00eda (biom\u00e9dica, electricidad, electr\u00f3nica y autom\u00e1tica industrial, energ\u00eda, materiales, mec\u00e1nica y qu\u00edmica).<\/p>\t\t\t\t\t\t<\/div>\n\t\t\t\t<\/div>\n\t\t\t\t<div class=\"elementor-element elementor-element-157529c elementor-arrows-position-inside elementor-widget elementor-widget-image-carousel\" data-id=\"157529c\" data-element_type=\"widget\" data-settings=\"{&quot;navigation&quot;:&quot;arrows&quot;,&quot;autoplay&quot;:&quot;yes&quot;,&quot;pause_on_hover&quot;:&quot;yes&quot;,&quot;pause_on_interaction&quot;:&quot;yes&quot;,&quot;autoplay_speed&quot;:5000,&quot;infinite&quot;:&quot;yes&quot;,&quot;speed&quot;:500}\" data-widget_type=\"image-carousel.default\">\n\t\t\t\t<div class=\"elementor-widget-container\">\n\t\t\t<style>\/*! elementor - v3.8.1 - 13-11-2022 *\/\n.elementor-widget-image-carousel .swiper-container{position:static}.elementor-widget-image-carousel .swiper-container .swiper-slide figure{line-height:inherit}.elementor-widget-image-carousel .swiper-slide{text-align:center}.elementor-image-carousel-wrapper:not(.swiper-container-initialized) .swiper-slide{max-width:calc(100% \/ var(--e-image-carousel-slides-to-show, 3))}<\/style>\t\t<div class=\"elementor-image-carousel-wrapper swiper-container\" dir=\"ltr\">\n\t\t\t<div class=\"elementor-image-carousel swiper-wrapper\">\n\t\t\t\t\t\t\t\t<div class=\"swiper-slide\"><a data-elementor-open-lightbox=\"yes\" data-elementor-lightbox-slideshow=\"157529c\" data-elementor-lightbox-title=\"CampusDiagonalBesos_EdificiA_Barcelona 1\" e-action-hash=\"#elementor-action%3Aaction%3Dlightbox%26settings%3DeyJpZCI6NjYzMSwidXJsIjoiaHR0cHM6XC9cL2NhbXB1c2RpYWdvbmFsYmVzb3MuY29tXC93cC1jb250ZW50XC91cGxvYWRzXC8yMDIyXC8wNFwvQ2FtcHVzRGlhZ29uYWxCZXNvc19FZGlmaWNpQV9CYXJjZWxvbmEtMS5qcGciLCJzbGlkZXNob3ciOiIxNTc1MjljIn0%3D\" href=\"https:\/\/campusdiagonalbesos.com\/wp-content\/uploads\/2022\/04\/CampusDiagonalBesos_EdificiA_Barcelona-1.jpg\"><figure class=\"swiper-slide-inner\"><img decoding=\"async\" class=\"swiper-slide-image\" src=\"https:\/\/campusdiagonalbesos.com\/wp-content\/uploads\/2022\/04\/CampusDiagonalBesos_EdificiA_Barcelona-1-150x150.jpg\" alt=\"CampusDiagonalBesos_EdificiA_Barcelona 1\" \/><\/figure><\/a><\/div><div class=\"swiper-slide\"><a data-elementor-open-lightbox=\"yes\" data-elementor-lightbox-slideshow=\"157529c\" data-elementor-lightbox-title=\"CampusDiagonalBesos_EdificiA_Barcelona 2\" e-action-hash=\"#elementor-action%3Aaction%3Dlightbox%26settings%3DeyJpZCI6NjYzMywidXJsIjoiaHR0cHM6XC9cL2NhbXB1c2RpYWdvbmFsYmVzb3MuY29tXC93cC1jb250ZW50XC91cGxvYWRzXC8yMDIyXC8wNFwvQ2FtcHVzRGlhZ29uYWxCZXNvc19FZGlmaWNpQV9CYXJjZWxvbmEtMi5qcGciLCJzbGlkZXNob3ciOiIxNTc1MjljIn0%3D\" href=\"https:\/\/campusdiagonalbesos.com\/wp-content\/uploads\/2022\/04\/CampusDiagonalBesos_EdificiA_Barcelona-2.jpg\"><figure class=\"swiper-slide-inner\"><img decoding=\"async\" class=\"swiper-slide-image\" src=\"https:\/\/campusdiagonalbesos.com\/wp-content\/uploads\/2022\/04\/CampusDiagonalBesos_EdificiA_Barcelona-2-150x150.jpg\" alt=\"CampusDiagonalBesos_EdificiA_Barcelona 2\" \/><\/figure><\/a><\/div><div class=\"swiper-slide\"><a data-elementor-open-lightbox=\"yes\" data-elementor-lightbox-slideshow=\"157529c\" data-elementor-lightbox-title=\"CampusDiagonalBesos_EdificiA_Barcelona 3\" e-action-hash=\"#elementor-action%3Aaction%3Dlightbox%26settings%3DeyJpZCI6NjYzNSwidXJsIjoiaHR0cHM6XC9cL2NhbXB1c2RpYWdvbmFsYmVzb3MuY29tXC93cC1jb250ZW50XC91cGxvYWRzXC8yMDIyXC8wNFwvQ2FtcHVzRGlhZ29uYWxCZXNvc19FZGlmaWNpQV9CYXJjZWxvbmEtMy5qcGciLCJzbGlkZXNob3ciOiIxNTc1MjljIn0%3D\" href=\"https:\/\/campusdiagonalbesos.com\/wp-content\/uploads\/2022\/04\/CampusDiagonalBesos_EdificiA_Barcelona-3.jpg\"><figure class=\"swiper-slide-inner\"><img decoding=\"async\" class=\"swiper-slide-image\" src=\"https:\/\/campusdiagonalbesos.com\/wp-content\/uploads\/2022\/04\/CampusDiagonalBesos_EdificiA_Barcelona-3-150x150.jpg\" alt=\"CampusDiagonalBesos_EdificiA_Barcelona 3\" \/><\/figure><\/a><\/div><div class=\"swiper-slide\"><a data-elementor-open-lightbox=\"yes\" data-elementor-lightbox-slideshow=\"157529c\" data-elementor-lightbox-title=\"CampusDiagonalBesos_EdificiA_Barcelona 4\" e-action-hash=\"#elementor-action%3Aaction%3Dlightbox%26settings%3DeyJpZCI6NjYzNywidXJsIjoiaHR0cHM6XC9cL2NhbXB1c2RpYWdvbmFsYmVzb3MuY29tXC93cC1jb250ZW50XC91cGxvYWRzXC8yMDIyXC8wNFwvQ2FtcHVzRGlhZ29uYWxCZXNvc19FZGlmaWNpQV9CYXJjZWxvbmEtNC5qcGciLCJzbGlkZXNob3ciOiIxNTc1MjljIn0%3D\" href=\"https:\/\/campusdiagonalbesos.com\/wp-content\/uploads\/2022\/04\/CampusDiagonalBesos_EdificiA_Barcelona-4.jpg\"><figure class=\"swiper-slide-inner\"><img decoding=\"async\" class=\"swiper-slide-image\" src=\"https:\/\/campusdiagonalbesos.com\/wp-content\/uploads\/2022\/04\/CampusDiagonalBesos_EdificiA_Barcelona-4-150x150.jpg\" alt=\"CampusDiagonalBesos_EdificiA_Barcelona 4\" \/><\/figure><\/a><\/div><div class=\"swiper-slide\"><a data-elementor-open-lightbox=\"yes\" data-elementor-lightbox-slideshow=\"157529c\" data-elementor-lightbox-title=\"CampusDiagonalBesos_EdificiA_Barcelona 5\" e-action-hash=\"#elementor-action%3Aaction%3Dlightbox%26settings%3DeyJpZCI6NjYzOSwidXJsIjoiaHR0cHM6XC9cL2NhbXB1c2RpYWdvbmFsYmVzb3MuY29tXC93cC1jb250ZW50XC91cGxvYWRzXC8yMDIyXC8wNFwvQ2FtcHVzRGlhZ29uYWxCZXNvc19FZGlmaWNpQV9CYXJjZWxvbmEtNS5qcGciLCJzbGlkZXNob3ciOiIxNTc1MjljIn0%3D\" href=\"https:\/\/campusdiagonalbesos.com\/wp-content\/uploads\/2022\/04\/CampusDiagonalBesos_EdificiA_Barcelona-5.jpg\"><figure class=\"swiper-slide-inner\"><img decoding=\"async\" class=\"swiper-slide-image\" src=\"https:\/\/campusdiagonalbesos.com\/wp-content\/uploads\/2022\/04\/CampusDiagonalBesos_EdificiA_Barcelona-5-150x150.jpg\" alt=\"CampusDiagonalBesos_EdificiA_Barcelona 5\" \/><\/figure><\/a><\/div>\t\t\t<\/div>\n\t\t\t\t\t\t\t\t\t\t\t\t\t\t\t\t<div class=\"elementor-swiper-button elementor-swiper-button-prev\">\n\t\t\t\t\t\t<i aria-hidden=\"true\" class=\"eicon-chevron-left\"><\/i>\t\t\t\t\t\t<span class=\"elementor-screen-only\">Anterior<\/span>\n\t\t\t\t\t<\/div>\n\t\t\t\t\t<div class=\"elementor-swiper-button elementor-swiper-button-next\">\n\t\t\t\t\t\t<i aria-hidden=\"true\" class=\"eicon-chevron-right\"><\/i>\t\t\t\t\t\t<span class=\"elementor-screen-only\">Siguiente<\/span>\n\t\t\t\t\t<\/div>\n\t\t\t\t\t\t\t\t\t<\/div>\n\t\t\t\t<\/div>\n\t\t\t\t<\/div>\n\t\t\t\t<div class=\"elementor-element elementor-element-416f11bf elementor-widget elementor-widget-image\" data-id=\"416f11bf\" data-element_type=\"widget\" data-widget_type=\"image.default\">\n\t\t\t\t<div class=\"elementor-widget-container\">\n\t\t\t<style>\/*! elementor - v3.8.1 - 13-11-2022 *\/\n.elementor-widget-image{text-align:center}.elementor-widget-image a{display:inline-block}.elementor-widget-image a img[src$=\".svg\"]{width:48px}.elementor-widget-image img{vertical-align:middle;display:inline-block}<\/style>\t\t\t\t\t\t\t\t\t\t\t\t\t<a href=\"https:\/\/campus.molismedia.com\/wp-content\/uploads\/2022\/03\/JPG_Planol-global-Campus_v7_2021-1.jpg\" data-elementor-open-lightbox=\"yes\" e-action-hash=\"#elementor-action%3Aaction%3Dlightbox%26settings%3DeyJpZCI6NTUwMiwidXJsIjpmYWxzZX0%3D\">\n\t\t\t\t\t\t\t<img decoding=\"async\" src=\"https:\/\/campus.molismedia.com\/wp-content\/uploads\/2022\/03\/JPG_Planol-global-Campus_v7_2021-1.jpg\" title=\"\" alt=\"\" \/>\t\t\t\t\t\t\t\t<\/a>\n\t\t\t\t\t\t\t\t\t\t\t\t\t\t\t<\/div>\n\t\t\t\t<\/div>\n\t\t        <section class=\"elementor-section elementor-inner-section elementor-element elementor-element-461a10a elementor-section-content-middle elementor-section-boxed elementor-section-height-default elementor-section-height-default ct-header-fixed-none ct-row-max-none\" data-id=\"461a10a\" data-element_type=\"section\">\n            \n                        <div class=\"elementor-container elementor-column-gap-default \">\n                    <div class=\"elementor-column elementor-col-25 elementor-inner-column elementor-element elementor-element-726dcf9\" data-id=\"726dcf9\" data-element_type=\"column\">\n            <div class=\"elementor-widget-wrap elementor-element-populated\">\n                        \t\t<div class=\"elementor-element elementor-element-318385f elementor-widget elementor-widget-image\" data-id=\"318385f\" data-element_type=\"widget\" data-widget_type=\"image.default\">\n\t\t\t\t<div class=\"elementor-widget-container\">\n\t\t\t\t\t\t\t\t\t\t\t\t\t\t\t\t<a href=\"https:\/\/ajuntament.barcelona.cat\/ca\/\" target=\"_blank\">\n\t\t\t\t\t\t\t<img decoding=\"async\" width=\"640\" height=\"217\" src=\"https:\/\/campusdiagonalbesos.com\/wp-content\/uploads\/2022\/02\/logo_aju_barcelona.png\" class=\"attachment-large size-large\" alt=\"\" srcset=\"https:\/\/campusdiagonalbesos.com\/wp-content\/uploads\/2022\/02\/logo_aju_barcelona.png 908w, https:\/\/campusdiagonalbesos.com\/wp-content\/uploads\/2022\/02\/logo_aju_barcelona-300x102.png 300w, https:\/\/campusdiagonalbesos.com\/wp-content\/uploads\/2022\/02\/logo_aju_barcelona-768x261.png 768w\" sizes=\"(max-width: 640px) 100vw, 640px\" \/>\t\t\t\t\t\t\t\t<\/a>\n\t\t\t\t\t\t\t\t\t\t\t\t\t\t\t<\/div>\n\t\t\t\t<\/div>\n\t\t            <\/div>\n        <\/div>\n                <div class=\"elementor-column elementor-col-25 elementor-inner-column elementor-element elementor-element-2d4b82d\" data-id=\"2d4b82d\" data-element_type=\"column\">\n            <div class=\"elementor-widget-wrap elementor-element-populated\">\n                        \t\t<div class=\"elementor-element elementor-element-c18bf5b elementor-widget elementor-widget-image\" data-id=\"c18bf5b\" data-element_type=\"widget\" data-widget_type=\"image.default\">\n\t\t\t\t<div class=\"elementor-widget-container\">\n\t\t\t\t\t\t\t\t\t\t\t\t\t\t\t\t<a href=\"http:\/\/www.sant-adria.net\/\" target=\"_blank\">\n\t\t\t\t\t\t\t<img decoding=\"async\" width=\"640\" height=\"168\" src=\"https:\/\/campusdiagonalbesos.com\/wp-content\/uploads\/2022\/02\/logo_aju_sant_adria_besos.png\" class=\"attachment-large size-large\" alt=\"\" srcset=\"https:\/\/campusdiagonalbesos.com\/wp-content\/uploads\/2022\/02\/logo_aju_sant_adria_besos.png 909w, https:\/\/campusdiagonalbesos.com\/wp-content\/uploads\/2022\/02\/logo_aju_sant_adria_besos-300x79.png 300w, https:\/\/campusdiagonalbesos.com\/wp-content\/uploads\/2022\/02\/logo_aju_sant_adria_besos-768x202.png 768w\" sizes=\"(max-width: 640px) 100vw, 640px\" \/>\t\t\t\t\t\t\t\t<\/a>\n\t\t\t\t\t\t\t\t\t\t\t\t\t\t\t<\/div>\n\t\t\t\t<\/div>\n\t\t            <\/div>\n        <\/div>\n                <div class=\"elementor-column elementor-col-25 elementor-inner-column elementor-element elementor-element-0735a7d\" data-id=\"0735a7d\" data-element_type=\"column\">\n            <div class=\"elementor-widget-wrap elementor-element-populated\">\n                        \t\t<div class=\"elementor-element elementor-element-5939933 elementor-widget elementor-widget-image\" data-id=\"5939933\" data-element_type=\"widget\" data-widget_type=\"image.default\">\n\t\t\t\t<div class=\"elementor-widget-container\">\n\t\t\t\t\t\t\t\t\t\t\t\t\t\t\t\t<a href=\"https:\/\/www.amb.cat\/s\/home.html\" target=\"_blank\">\n\t\t\t\t\t\t\t<img decoding=\"async\" width=\"640\" height=\"93\" src=\"https:\/\/campusdiagonalbesos.com\/wp-content\/uploads\/2022\/02\/logo_amb-1024x149.png\" class=\"attachment-large size-large\" alt=\"\" srcset=\"https:\/\/campusdiagonalbesos.com\/wp-content\/uploads\/2022\/02\/logo_amb-1024x149.png 1024w, https:\/\/campusdiagonalbesos.com\/wp-content\/uploads\/2022\/02\/logo_amb-300x44.png 300w, https:\/\/campusdiagonalbesos.com\/wp-content\/uploads\/2022\/02\/logo_amb-768x112.png 768w, https:\/\/campusdiagonalbesos.com\/wp-content\/uploads\/2022\/02\/logo_amb.png 1140w\" sizes=\"(max-width: 640px) 100vw, 640px\" \/>\t\t\t\t\t\t\t\t<\/a>\n\t\t\t\t\t\t\t\t\t\t\t\t\t\t\t<\/div>\n\t\t\t\t<\/div>\n\t\t            <\/div>\n        <\/div>\n                <div class=\"elementor-column elementor-col-25 elementor-inner-column elementor-element elementor-element-f324935\" data-id=\"f324935\" data-element_type=\"column\">\n            <div class=\"elementor-widget-wrap elementor-element-populated\">\n                        \t\t<div class=\"elementor-element elementor-element-84bdb85 elementor-widget elementor-widget-image\" data-id=\"84bdb85\" data-element_type=\"widget\" data-widget_type=\"image.default\">\n\t\t\t\t<div class=\"elementor-widget-container\">\n\t\t\t\t\t\t\t\t\t\t\t\t\t\t\t\t<a href=\"http:\/\/www.consorci-besos.com\/\" target=\"_blank\">\n\t\t\t\t\t\t\t<img decoding=\"async\" width=\"640\" height=\"141\" src=\"https:\/\/campusdiagonalbesos.com\/wp-content\/uploads\/2022\/02\/logo_consorci.png\" class=\"attachment-large size-large\" alt=\"\" srcset=\"https:\/\/campusdiagonalbesos.com\/wp-content\/uploads\/2022\/02\/logo_consorci.png 640w, https:\/\/campusdiagonalbesos.com\/wp-content\/uploads\/2022\/02\/logo_consorci-300x66.png 300w\" sizes=\"(max-width: 640px) 100vw, 640px\" \/>\t\t\t\t\t\t\t\t<\/a>\n\t\t\t\t\t\t\t\t\t\t\t\t\t\t\t<\/div>\n\t\t\t\t<\/div>\n\t\t            <\/div>\n        <\/div>\n                            <\/div>\n        <\/section>\n                    <\/div>\n        <\/div>\n                <div class=\"elementor-column elementor-col-33 elementor-top-column elementor-element elementor-element-194b448a\" data-id=\"194b448a\" data-element_type=\"column\">\n            <div class=\"elementor-widget-wrap elementor-element-populated\">\n                        \t\t<div class=\"elementor-element elementor-element-73cb605 elementor-widget elementor-widget-ct_navigation_menu\" data-id=\"73cb605\" data-element_type=\"widget\" data-widget_type=\"ct_navigation_menu.default\">\n\t\t\t\t<div class=\"elementor-widget-container\">\n\t\t\t    <div id=\"ct_navigation_menu-73cb605\" class=\"ct-navigation-menu1 default\">\r\n            <\/div>\r\n\t\t<\/div>\n\t\t\t\t<\/div>\n\t\t\t\t<div class=\"elementor-element elementor-element-7d236fa elementor-widget elementor-widget-spacer\" data-id=\"7d236fa\" data-element_type=\"widget\" data-widget_type=\"spacer.default\">\n\t\t\t\t<div class=\"elementor-widget-container\">\n\t\t\t<style>\/*! elementor - v3.8.1 - 13-11-2022 *\/\n.elementor-column .elementor-spacer-inner{height:var(--spacer-size)}.e-con{--container-widget-width:100%}.e-con-inner>.elementor-widget-spacer,.e-con>.elementor-widget-spacer{width:var(--container-widget-width,var(--spacer-size));-ms-flex-item-align:stretch;align-self:stretch;-ms-flex-negative:0;flex-shrink:0}.e-con-inner>.elementor-widget-spacer>.elementor-widget-container,.e-con-inner>.elementor-widget-spacer>.elementor-widget-container>.elementor-spacer,.e-con>.elementor-widget-spacer>.elementor-widget-container,.e-con>.elementor-widget-spacer>.elementor-widget-container>.elementor-spacer{height:100%}.e-con-inner>.elementor-widget-spacer>.elementor-widget-container>.elementor-spacer>.elementor-spacer-inner,.e-con>.elementor-widget-spacer>.elementor-widget-container>.elementor-spacer>.elementor-spacer-inner{height:var(--container-widget-height,var(--spacer-size))}<\/style>\t\t<div class=\"elementor-spacer\">\n\t\t\t<div class=\"elementor-spacer-inner\"><\/div>\n\t\t<\/div>\n\t\t\t\t<\/div>\n\t\t\t\t<\/div>\n\t\t\t\t<div class=\"elementor-element elementor-element-4f04f5e elementor-widget elementor-widget-ct_download\" data-id=\"4f04f5e\" data-element_type=\"widget\" data-widget_type=\"ct_download.default\">\n\t\t\t\t<div class=\"elementor-widget-container\">\n\t\t\t    <div class=\"ct-download\">\r\n                    <div class=\"item--download\">\r\n                <a href=\"\/wp-content\/uploads\/2022\/04\/Planol-global-Campus.jpg\">\r\n            \t<i aria-hidden=\"true\" class=\"far fa-image\"><\/i>                                <span>Plano del Campus<\/span>\r\n            \t<\/a>\r\n           <\/div>\r\n                    <div class=\"item--download\">\r\n                <a href=\"\/wp-content\/uploads\/2022\/04\/Presentacio_CampusDiagonalBesos.pdf\" target=\"_blank\">\r\n            \t<i aria-hidden=\"true\" class=\"material zmdi zmdi-download\"><\/i>                                <span>Descargar Presentaci\u00f3n<\/span>\r\n            \t<\/a>\r\n           <\/div>\r\n            <\/div>\r\n\t\t<\/div>\n\t\t\t\t<\/div>\n\t\t\t\t<div class=\"elementor-element elementor-element-7aca64b7 elementor-widget elementor-widget-spacer\" data-id=\"7aca64b7\" data-element_type=\"widget\" data-widget_type=\"spacer.default\">\n\t\t\t\t<div class=\"elementor-widget-container\">\n\t\t\t\t\t<div class=\"elementor-spacer\">\n\t\t\t<div class=\"elementor-spacer-inner\"><\/div>\n\t\t<\/div>\n\t\t\t\t<\/div>\n\t\t\t\t<\/div>\n\t\t\t\t<div class=\"elementor-element elementor-element-4b0a5e3 elementor-widget elementor-widget-ct_title\" data-id=\"4b0a5e3\" data-element_type=\"widget\" data-widget_type=\"ct_title.default\">\n\t\t\t\t<div class=\"elementor-widget-container\">\n\t\t\t<div class=\"ct-title1 style2\">\r\n    <h3>\r\n    \t\t        <span>Datos de contacto<\/span>\r\n\t        <i><\/i>\r\n\t        <\/h3>\r\n<\/div>\t\t<\/div>\n\t\t\t\t<\/div>\n\t\t\t\t<div class=\"elementor-element elementor-element-f0ede12 elementor-widget elementor-widget-ct_contact_info\" data-id=\"f0ede12\" data-element_type=\"widget\" data-widget_type=\"ct_contact_info.default\">\n\t\t\t\t<div class=\"elementor-widget-container\">\n\t\t\t    <ul id=\"ct_contact_info-f0ede12\" class=\"ct-contact-info ct-contact-info1 style2 \">\r\n        <div class=\"ct-inline-css\"  data-css=\"\r\n            \">\r\n\r\n        <\/div>\r\n                    <li>\r\n            \t\t\t\t        <span class=\"ct-contact-icon\">\r\n\t\t                <i aria-hidden=\"true\" class=\"fas fa-map-marked-alt\"><\/i>\t\t                \t\t\t        <\/span>\r\n\t\t\t                                                        <span class=\"ct-contact-content\">\r\n                       <a href=\"https:\/\/www.google.com\/maps\/place\/CCIDB\/@41.4152502,2.2229382,15z\/data=!4m5!3m4!1s0x0:0x9a0d851efa125bd8!8m2!3d41.4152529!4d2.2229329\" target=\"blank\">Avinguda d\u2019Eduard Maristany, 16<br \/>\nEdifici C \u2013 Planta baixa<br \/>\n08930 Sant Adri\u00e0 de Bes\u00f2s<\/a>                    <\/span>\r\n                           <\/li>\r\n                    <li>\r\n            \t\t\t\t        <span class=\"ct-contact-icon\">\r\n\t\t                <i aria-hidden=\"true\" class=\"material zmdi zmdi-phone\"><\/i>\t\t                \t\t\t        <\/span>\r\n\t\t\t                                                        <span class=\"ct-contact-content\">\r\n                       <a href=\"tel:933560980\">933 560 980<\/a><br>                    <\/span>\r\n                           <\/li>\r\n                    <li>\r\n            \t\t\t\t        <span class=\"ct-contact-icon\">\r\n\t\t                <i aria-hidden=\"true\" class=\"material zmdi zmdi-email-open\"><\/i>\t\t                \t\t\t        <\/span>\r\n\t\t\t                                                        <span class=\"ct-contact-content\">\r\n                       <a href=\"mailto:correu@campus-besos.cat\">correu@campus-besos.cat<\/a>                    <\/span>\r\n                           <\/li>\r\n            <\/ul>\r\n\t\t<\/div>\n\t\t\t\t<\/div>\n\t\t\t\t<div class=\"elementor-element elementor-element-29aefa27 elementor-widget elementor-widget-spacer\" data-id=\"29aefa27\" data-element_type=\"widget\" data-widget_type=\"spacer.default\">\n\t\t\t\t<div class=\"elementor-widget-container\">\n\t\t\t\t\t<div class=\"elementor-spacer\">\n\t\t\t<div class=\"elementor-spacer-inner\"><\/div>\n\t\t<\/div>\n\t\t\t\t<\/div>\n\t\t\t\t<\/div>\n\t\t            <\/div>\n        <\/div>\n                            <\/div>\n        <\/section>\n        \t\t\t\t\t<\/div>\n\t\t","protected":false},"excerpt":{"rendered":"<p>Edificio A En el edificio A, con 20.000 m\u00b2 de superficie sobre rasante, se concentran las actividades de docencia, los servicios y espacios de gesti\u00f3n. Acoge principalmente, en sus doce plantas, instalaciones para la docencia como son aulas, laboratorios docentes, la biblioteca, la cafeter\u00eda o el sal\u00f3n de actos del Campus, y tambi\u00e9n varios grupos [&hellip;]<\/p>\n","protected":false},"author":1,"featured_media":0,"parent":6428,"menu_order":0,"comment_status":"closed","ping_status":"closed","template":"","meta":{"inline_featured_image":false,"footnotes":""},"class_list":["post-6429","page","type-page","status-publish","hentry"],"_links":{"self":[{"href":"https:\/\/campusdiagonalbesos.com\/es\/wp-json\/wp\/v2\/pages\/6429","targetHints":{"allow":["GET"]}}],"collection":[{"href":"https:\/\/campusdiagonalbesos.com\/es\/wp-json\/wp\/v2\/pages"}],"about":[{"href":"https:\/\/campusdiagonalbesos.com\/es\/wp-json\/wp\/v2\/types\/page"}],"author":[{"embeddable":true,"href":"https:\/\/campusdiagonalbesos.com\/es\/wp-json\/wp\/v2\/users\/1"}],"replies":[{"embeddable":true,"href":"https:\/\/campusdiagonalbesos.com\/es\/wp-json\/wp\/v2\/comments?post=6429"}],"version-history":[{"count":14,"href":"https:\/\/campusdiagonalbesos.com\/es\/wp-json\/wp\/v2\/pages\/6429\/revisions"}],"predecessor-version":[{"id":7650,"href":"https:\/\/campusdiagonalbesos.com\/es\/wp-json\/wp\/v2\/pages\/6429\/revisions\/7650"}],"up":[{"embeddable":true,"href":"https:\/\/campusdiagonalbesos.com\/es\/wp-json\/wp\/v2\/pages\/6428"}],"wp:attachment":[{"href":"https:\/\/campusdiagonalbesos.com\/es\/wp-json\/wp\/v2\/media?parent=6429"}],"curies":[{"name":"wp","href":"https:\/\/api.w.org\/{rel}","templated":true}]}}