{"id":6434,"date":"2022-03-14T15:40:13","date_gmt":"2022-03-14T15:40:13","guid":{"rendered":"https:\/\/campus.molismedia.com\/?page_id=6434"},"modified":"2023-09-12T21:50:05","modified_gmt":"2023-09-12T21:50:05","slug":"parque-del-campus","status":"publish","type":"page","link":"https:\/\/campusdiagonalbesos.com\/es\/desarrollo-del-campus\/parque-del-campus\/","title":{"rendered":"Parque del Campus"},"content":{"rendered":"\t\t<div data-elementor-type=\"wp-page\" data-elementor-id=\"6434\" class=\"elementor elementor-6434 elementor-5669\">\n\t\t\t\t\t\t\t        <section class=\"elementor-section elementor-top-section elementor-element elementor-element-4219b11 elementor-section-boxed elementor-section-height-default elementor-section-height-default ct-header-fixed-none ct-row-max-none\" data-id=\"4219b11\" data-element_type=\"section\">\n            \n                        <div class=\"elementor-container elementor-column-gap-wider \">\n                    <div class=\"elementor-column elementor-col-66 elementor-top-column elementor-element elementor-element-279317b\" data-id=\"279317b\" data-element_type=\"column\">\n            <div class=\"elementor-widget-wrap elementor-element-populated\">\n                        \t\t<div class=\"elementor-element elementor-element-9b07ddf elementor-widget elementor-widget-ct_heading\" data-id=\"9b07ddf\" data-element_type=\"widget\" data-widget_type=\"ct_heading.default\">\n\t\t\t\t<div class=\"elementor-widget-container\">\n\t\t\t<div id=\"ct_heading-9b07ddf\" class=\"ct-heading h-align- sub- ct-heading-left item-st-line-left1\">\r\n\t<div class=\"ct-inline-css\"  data-css=\"\r\n        \">\r\n    <\/div>\r\n        <h1 class=\"item--title st-line-left1 case-animate-time\" data-wow-delay=\"ms\">\r\n                <span class=\"sp-main\">\r\n                            <i><\/i>\r\n            \r\n            Parque del Campus\r\n            \r\n                    <\/span>\r\n            <\/h1>\r\n<\/div>\t\t<\/div>\n\t\t\t\t<\/div>\n\t\t\t\t<div class=\"elementor-element elementor-element-be4a8e0 elementor-widget elementor-widget-text-editor\" data-id=\"be4a8e0\" data-element_type=\"widget\" data-widget_type=\"text-editor.default\">\n\t\t\t\t<div class=\"elementor-widget-container\">\n\t\t\t<style>\/*! elementor - v3.8.1 - 13-11-2022 *\/\n.elementor-widget-text-editor.elementor-drop-cap-view-stacked .elementor-drop-cap{background-color:#818a91;color:#fff}.elementor-widget-text-editor.elementor-drop-cap-view-framed .elementor-drop-cap{color:#818a91;border:3px solid;background-color:transparent}.elementor-widget-text-editor:not(.elementor-drop-cap-view-default) .elementor-drop-cap{margin-top:8px}.elementor-widget-text-editor:not(.elementor-drop-cap-view-default) .elementor-drop-cap-letter{width:1em;height:1em}.elementor-widget-text-editor .elementor-drop-cap{float:left;text-align:center;line-height:1;font-size:50px}.elementor-widget-text-editor .elementor-drop-cap-letter{display:inline-block}<\/style>\t\t\t\t<p>El parque del Campus Diagonal-Bes\u00f2s se abri\u00f3 en marzo de 2021. Esta zona verde, de m\u00e1s de 20.000 m2, se ha desarrollado en la parcela P1 con el objetivo de conectar los barrios de Bes\u00f2s y Maresme de Barcelona y de La Mina de Sant Adri\u00e0, el Port F\u00f2rum y el Campus. Se ha convertido en la principal zona verde y de ocio. Est\u00e1 ubicado al final de la Rambla de La Mina y, junto con la mejora de los pasos actuales bajo la Ronda Litoral, conecta el Campus con el Parque de la Paz.<\/p><p>El objetivo de la urbanizaci\u00f3n ha sido ordenar los espacios libres que constituyen el Parque del Campus y sus \u00e1mbitos de conexi\u00f3n externa.<\/p><p>El proyecto ha unido la Rambla de La Mina con el \u00e1mbito del Port F\u00f2rum por dentro del nuevo parque, mejorando el paso por debajo de la Ronda Litoral hacia las calles de la Pau y la avenida de Francesc Botey.<\/p>\t\t\t\t\t\t<\/div>\n\t\t\t\t<\/div>\n\t\t\t\t<div class=\"elementor-element elementor-element-19b75b0 elementor-arrows-position-inside elementor-widget elementor-widget-image-carousel\" data-id=\"19b75b0\" data-element_type=\"widget\" data-settings=\"{&quot;navigation&quot;:&quot;arrows&quot;,&quot;autoplay&quot;:&quot;yes&quot;,&quot;pause_on_hover&quot;:&quot;yes&quot;,&quot;pause_on_interaction&quot;:&quot;yes&quot;,&quot;autoplay_speed&quot;:5000,&quot;infinite&quot;:&quot;yes&quot;,&quot;speed&quot;:500}\" data-widget_type=\"image-carousel.default\">\n\t\t\t\t<div class=\"elementor-widget-container\">\n\t\t\t<style>\/*! elementor - v3.8.1 - 13-11-2022 *\/\n.elementor-widget-image-carousel .swiper-container{position:static}.elementor-widget-image-carousel .swiper-container .swiper-slide figure{line-height:inherit}.elementor-widget-image-carousel .swiper-slide{text-align:center}.elementor-image-carousel-wrapper:not(.swiper-container-initialized) .swiper-slide{max-width:calc(100% \/ var(--e-image-carousel-slides-to-show, 3))}<\/style>\t\t<div class=\"elementor-image-carousel-wrapper swiper-container\" dir=\"ltr\">\n\t\t\t<div class=\"elementor-image-carousel swiper-wrapper\">\n\t\t\t\t\t\t\t\t<div class=\"swiper-slide\"><a data-elementor-open-lightbox=\"yes\" data-elementor-lightbox-slideshow=\"19b75b0\" data-elementor-lightbox-title=\"CampusDiagonalBesos_ParcdelCampus_SantAdriadeBesos_Barcelona-1\" e-action-hash=\"#elementor-action%3Aaction%3Dlightbox%26settings%3DeyJpZCI6NjY2NywidXJsIjoiaHR0cHM6XC9cL2NhbXB1c2RpYWdvbmFsYmVzb3MuY29tXC93cC1jb250ZW50XC91cGxvYWRzXC8yMDIyXC8wNFwvQ2FtcHVzRGlhZ29uYWxCZXNvc19QYXJjZGVsQ2FtcHVzX1NhbnRBZHJpYWRlQmVzb3NfQmFyY2Vsb25hLTEuanBnIiwic2xpZGVzaG93IjoiMTliNzViMCJ9\" href=\"https:\/\/campusdiagonalbesos.com\/wp-content\/uploads\/2022\/04\/CampusDiagonalBesos_ParcdelCampus_SantAdriadeBesos_Barcelona-1.jpg\"><figure class=\"swiper-slide-inner\"><img decoding=\"async\" class=\"swiper-slide-image\" src=\"https:\/\/campusdiagonalbesos.com\/wp-content\/uploads\/2022\/04\/CampusDiagonalBesos_ParcdelCampus_SantAdriadeBesos_Barcelona-1-150x150.jpg\" alt=\"CampusDiagonalBesos_ParcdelCampus_SantAdriadeBesos_Barcelona-1\" \/><\/figure><\/a><\/div><div class=\"swiper-slide\"><a data-elementor-open-lightbox=\"yes\" data-elementor-lightbox-slideshow=\"19b75b0\" data-elementor-lightbox-title=\"CampusDiagonalBesos_ParcdelCampus_SantAdriadeBesos_Barcelona-2\" e-action-hash=\"#elementor-action%3Aaction%3Dlightbox%26settings%3DeyJpZCI6NjY2OSwidXJsIjoiaHR0cHM6XC9cL2NhbXB1c2RpYWdvbmFsYmVzb3MuY29tXC93cC1jb250ZW50XC91cGxvYWRzXC8yMDIyXC8wNFwvQ2FtcHVzRGlhZ29uYWxCZXNvc19QYXJjZGVsQ2FtcHVzX1NhbnRBZHJpYWRlQmVzb3NfQmFyY2Vsb25hLTIuanBnIiwic2xpZGVzaG93IjoiMTliNzViMCJ9\" href=\"https:\/\/campusdiagonalbesos.com\/wp-content\/uploads\/2022\/04\/CampusDiagonalBesos_ParcdelCampus_SantAdriadeBesos_Barcelona-2.jpg\"><figure class=\"swiper-slide-inner\"><img decoding=\"async\" class=\"swiper-slide-image\" src=\"https:\/\/campusdiagonalbesos.com\/wp-content\/uploads\/2022\/04\/CampusDiagonalBesos_ParcdelCampus_SantAdriadeBesos_Barcelona-2-150x150.jpg\" alt=\"CampusDiagonalBesos_ParcdelCampus_SantAdriadeBesos_Barcelona-2\" \/><\/figure><\/a><\/div><div class=\"swiper-slide\"><a data-elementor-open-lightbox=\"yes\" data-elementor-lightbox-slideshow=\"19b75b0\" data-elementor-lightbox-title=\"CampusDiagonalBesos_ParcdelCampus_SantAdriadeBesos_Barcelona-3\" e-action-hash=\"#elementor-action%3Aaction%3Dlightbox%26settings%3DeyJpZCI6NjY3MSwidXJsIjoiaHR0cHM6XC9cL2NhbXB1c2RpYWdvbmFsYmVzb3MuY29tXC93cC1jb250ZW50XC91cGxvYWRzXC8yMDIyXC8wNFwvQ2FtcHVzRGlhZ29uYWxCZXNvc19QYXJjZGVsQ2FtcHVzX1NhbnRBZHJpYWRlQmVzb3NfQmFyY2Vsb25hLTMuanBnIiwic2xpZGVzaG93IjoiMTliNzViMCJ9\" href=\"https:\/\/campusdiagonalbesos.com\/wp-content\/uploads\/2022\/04\/CampusDiagonalBesos_ParcdelCampus_SantAdriadeBesos_Barcelona-3.jpg\"><figure class=\"swiper-slide-inner\"><img decoding=\"async\" class=\"swiper-slide-image\" src=\"https:\/\/campusdiagonalbesos.com\/wp-content\/uploads\/2022\/04\/CampusDiagonalBesos_ParcdelCampus_SantAdriadeBesos_Barcelona-3-150x150.jpg\" alt=\"CampusDiagonalBesos_ParcdelCampus_SantAdriadeBesos_Barcelona-3\" \/><\/figure><\/a><\/div><div class=\"swiper-slide\"><a data-elementor-open-lightbox=\"yes\" data-elementor-lightbox-slideshow=\"19b75b0\" data-elementor-lightbox-title=\"CampusDiagonalBesos_ParcdelCampus_SantAdriadeBesos_Barcelona-4\" e-action-hash=\"#elementor-action%3Aaction%3Dlightbox%26settings%3DeyJpZCI6NjY3MywidXJsIjoiaHR0cHM6XC9cL2NhbXB1c2RpYWdvbmFsYmVzb3MuY29tXC93cC1jb250ZW50XC91cGxvYWRzXC8yMDIyXC8wNFwvQ2FtcHVzRGlhZ29uYWxCZXNvc19QYXJjZGVsQ2FtcHVzX1NhbnRBZHJpYWRlQmVzb3NfQmFyY2Vsb25hLTQuanBnIiwic2xpZGVzaG93IjoiMTliNzViMCJ9\" href=\"https:\/\/campusdiagonalbesos.com\/wp-content\/uploads\/2022\/04\/CampusDiagonalBesos_ParcdelCampus_SantAdriadeBesos_Barcelona-4.jpg\"><figure class=\"swiper-slide-inner\"><img decoding=\"async\" class=\"swiper-slide-image\" src=\"https:\/\/campusdiagonalbesos.com\/wp-content\/uploads\/2022\/04\/CampusDiagonalBesos_ParcdelCampus_SantAdriadeBesos_Barcelona-4-150x150.jpg\" alt=\"CampusDiagonalBesos_ParcdelCampus_SantAdriadeBesos_Barcelona-4\" \/><\/figure><\/a><\/div><div class=\"swiper-slide\"><a data-elementor-open-lightbox=\"yes\" data-elementor-lightbox-slideshow=\"19b75b0\" data-elementor-lightbox-title=\"CampusDiagonalBesos_ParcdelCampus_SantAdriadeBesos_Barcelona-5\" e-action-hash=\"#elementor-action%3Aaction%3Dlightbox%26settings%3DeyJpZCI6NjY3NSwidXJsIjoiaHR0cHM6XC9cL2NhbXB1c2RpYWdvbmFsYmVzb3MuY29tXC93cC1jb250ZW50XC91cGxvYWRzXC8yMDIyXC8wNFwvQ2FtcHVzRGlhZ29uYWxCZXNvc19QYXJjZGVsQ2FtcHVzX1NhbnRBZHJpYWRlQmVzb3NfQmFyY2Vsb25hLTUuanBnIiwic2xpZGVzaG93IjoiMTliNzViMCJ9\" href=\"https:\/\/campusdiagonalbesos.com\/wp-content\/uploads\/2022\/04\/CampusDiagonalBesos_ParcdelCampus_SantAdriadeBesos_Barcelona-5.jpg\"><figure class=\"swiper-slide-inner\"><img decoding=\"async\" class=\"swiper-slide-image\" src=\"https:\/\/campusdiagonalbesos.com\/wp-content\/uploads\/2022\/04\/CampusDiagonalBesos_ParcdelCampus_SantAdriadeBesos_Barcelona-5-150x150.jpg\" alt=\"CampusDiagonalBesos_ParcdelCampus_SantAdriadeBesos_Barcelona-5\" \/><\/figure><\/a><\/div>\t\t\t<\/div>\n\t\t\t\t\t\t\t\t\t\t\t\t\t\t\t\t<div class=\"elementor-swiper-button elementor-swiper-button-prev\">\n\t\t\t\t\t\t<i aria-hidden=\"true\" class=\"eicon-chevron-left\"><\/i>\t\t\t\t\t\t<span class=\"elementor-screen-only\">Anterior<\/span>\n\t\t\t\t\t<\/div>\n\t\t\t\t\t<div class=\"elementor-swiper-button elementor-swiper-button-next\">\n\t\t\t\t\t\t<i aria-hidden=\"true\" class=\"eicon-chevron-right\"><\/i>\t\t\t\t\t\t<span class=\"elementor-screen-only\">Siguiente<\/span>\n\t\t\t\t\t<\/div>\n\t\t\t\t\t\t\t\t\t<\/div>\n\t\t\t\t<\/div>\n\t\t\t\t<\/div>\n\t\t\t\t<div class=\"elementor-element elementor-element-94c75f6 elementor-widget elementor-widget-image\" data-id=\"94c75f6\" data-element_type=\"widget\" data-widget_type=\"image.default\">\n\t\t\t\t<div class=\"elementor-widget-container\">\n\t\t\t<style>\/*! elementor - v3.8.1 - 13-11-2022 *\/\n.elementor-widget-image{text-align:center}.elementor-widget-image a{display:inline-block}.elementor-widget-image a img[src$=\".svg\"]{width:48px}.elementor-widget-image img{vertical-align:middle;display:inline-block}<\/style>\t\t\t\t\t\t\t\t\t\t\t\t\t<a href=\"https:\/\/campus.molismedia.com\/wp-content\/uploads\/2022\/03\/JPG_Planol-global-Campus_v7_2021-1.jpg\" data-elementor-open-lightbox=\"yes\" e-action-hash=\"#elementor-action%3Aaction%3Dlightbox%26settings%3DeyJpZCI6NTUwMiwidXJsIjpmYWxzZX0%3D\">\n\t\t\t\t\t\t\t<img decoding=\"async\" src=\"https:\/\/campus.molismedia.com\/wp-content\/uploads\/2022\/03\/JPG_Planol-global-Campus_v7_2021-1.jpg\" title=\"\" alt=\"\" \/>\t\t\t\t\t\t\t\t<\/a>\n\t\t\t\t\t\t\t\t\t\t\t\t\t\t\t<\/div>\n\t\t\t\t<\/div>\n\t\t        <section class=\"elementor-section elementor-inner-section elementor-element elementor-element-6979aa8 elementor-section-content-middle elementor-section-boxed elementor-section-height-default elementor-section-height-default ct-header-fixed-none ct-row-max-none\" data-id=\"6979aa8\" data-element_type=\"section\">\n            \n                        <div class=\"elementor-container elementor-column-gap-default \">\n                    <div class=\"elementor-column elementor-col-25 elementor-inner-column elementor-element elementor-element-b1d9069\" data-id=\"b1d9069\" data-element_type=\"column\">\n            <div class=\"elementor-widget-wrap elementor-element-populated\">\n                        \t\t<div class=\"elementor-element elementor-element-7b5f9b4 elementor-widget elementor-widget-image\" data-id=\"7b5f9b4\" data-element_type=\"widget\" data-widget_type=\"image.default\">\n\t\t\t\t<div class=\"elementor-widget-container\">\n\t\t\t\t\t\t\t\t\t\t\t\t\t\t\t\t<a href=\"https:\/\/ajuntament.barcelona.cat\/ca\/\" target=\"_blank\">\n\t\t\t\t\t\t\t<img decoding=\"async\" width=\"640\" height=\"217\" src=\"https:\/\/campusdiagonalbesos.com\/wp-content\/uploads\/2022\/02\/logo_aju_barcelona.png\" class=\"attachment-large size-large\" alt=\"\" srcset=\"https:\/\/campusdiagonalbesos.com\/wp-content\/uploads\/2022\/02\/logo_aju_barcelona.png 908w, https:\/\/campusdiagonalbesos.com\/wp-content\/uploads\/2022\/02\/logo_aju_barcelona-300x102.png 300w, https:\/\/campusdiagonalbesos.com\/wp-content\/uploads\/2022\/02\/logo_aju_barcelona-768x261.png 768w\" sizes=\"(max-width: 640px) 100vw, 640px\" \/>\t\t\t\t\t\t\t\t<\/a>\n\t\t\t\t\t\t\t\t\t\t\t\t\t\t\t<\/div>\n\t\t\t\t<\/div>\n\t\t            <\/div>\n        <\/div>\n                <div class=\"elementor-column elementor-col-25 elementor-inner-column elementor-element elementor-element-2206fdd\" data-id=\"2206fdd\" data-element_type=\"column\">\n            <div class=\"elementor-widget-wrap elementor-element-populated\">\n                        \t\t<div class=\"elementor-element elementor-element-fdcd874 elementor-widget elementor-widget-image\" data-id=\"fdcd874\" data-element_type=\"widget\" data-widget_type=\"image.default\">\n\t\t\t\t<div class=\"elementor-widget-container\">\n\t\t\t\t\t\t\t\t\t\t\t\t\t\t\t\t<a href=\"http:\/\/www.sant-adria.net\/\" target=\"_blank\">\n\t\t\t\t\t\t\t<img decoding=\"async\" width=\"640\" height=\"168\" src=\"https:\/\/campusdiagonalbesos.com\/wp-content\/uploads\/2022\/02\/logo_aju_sant_adria_besos.png\" class=\"attachment-large size-large\" alt=\"\" srcset=\"https:\/\/campusdiagonalbesos.com\/wp-content\/uploads\/2022\/02\/logo_aju_sant_adria_besos.png 909w, https:\/\/campusdiagonalbesos.com\/wp-content\/uploads\/2022\/02\/logo_aju_sant_adria_besos-300x79.png 300w, https:\/\/campusdiagonalbesos.com\/wp-content\/uploads\/2022\/02\/logo_aju_sant_adria_besos-768x202.png 768w\" sizes=\"(max-width: 640px) 100vw, 640px\" \/>\t\t\t\t\t\t\t\t<\/a>\n\t\t\t\t\t\t\t\t\t\t\t\t\t\t\t<\/div>\n\t\t\t\t<\/div>\n\t\t            <\/div>\n        <\/div>\n                <div class=\"elementor-column elementor-col-25 elementor-inner-column elementor-element elementor-element-440f7d3\" data-id=\"440f7d3\" data-element_type=\"column\">\n            <div class=\"elementor-widget-wrap elementor-element-populated\">\n                        \t\t<div class=\"elementor-element elementor-element-74ad0f9 elementor-widget elementor-widget-image\" data-id=\"74ad0f9\" data-element_type=\"widget\" data-widget_type=\"image.default\">\n\t\t\t\t<div class=\"elementor-widget-container\">\n\t\t\t\t\t\t\t\t\t\t\t\t\t\t\t\t<a href=\"https:\/\/www.amb.cat\/s\/home.html\" target=\"_blank\">\n\t\t\t\t\t\t\t<img decoding=\"async\" width=\"640\" height=\"93\" src=\"https:\/\/campusdiagonalbesos.com\/wp-content\/uploads\/2022\/02\/logo_amb-1024x149.png\" class=\"attachment-large size-large\" alt=\"\" srcset=\"https:\/\/campusdiagonalbesos.com\/wp-content\/uploads\/2022\/02\/logo_amb-1024x149.png 1024w, https:\/\/campusdiagonalbesos.com\/wp-content\/uploads\/2022\/02\/logo_amb-300x44.png 300w, https:\/\/campusdiagonalbesos.com\/wp-content\/uploads\/2022\/02\/logo_amb-768x112.png 768w, https:\/\/campusdiagonalbesos.com\/wp-content\/uploads\/2022\/02\/logo_amb.png 1140w\" sizes=\"(max-width: 640px) 100vw, 640px\" \/>\t\t\t\t\t\t\t\t<\/a>\n\t\t\t\t\t\t\t\t\t\t\t\t\t\t\t<\/div>\n\t\t\t\t<\/div>\n\t\t            <\/div>\n        <\/div>\n                <div class=\"elementor-column elementor-col-25 elementor-inner-column elementor-element elementor-element-2026722\" data-id=\"2026722\" data-element_type=\"column\">\n            <div class=\"elementor-widget-wrap elementor-element-populated\">\n                        \t\t<div class=\"elementor-element elementor-element-a93655f elementor-widget elementor-widget-image\" data-id=\"a93655f\" data-element_type=\"widget\" data-widget_type=\"image.default\">\n\t\t\t\t<div class=\"elementor-widget-container\">\n\t\t\t\t\t\t\t\t\t\t\t\t\t\t\t\t<a href=\"http:\/\/www.consorci-besos.com\/\" target=\"_blank\">\n\t\t\t\t\t\t\t<img decoding=\"async\" width=\"640\" height=\"141\" src=\"https:\/\/campusdiagonalbesos.com\/wp-content\/uploads\/2022\/02\/logo_consorci.png\" class=\"attachment-large size-large\" alt=\"\" srcset=\"https:\/\/campusdiagonalbesos.com\/wp-content\/uploads\/2022\/02\/logo_consorci.png 640w, https:\/\/campusdiagonalbesos.com\/wp-content\/uploads\/2022\/02\/logo_consorci-300x66.png 300w\" sizes=\"(max-width: 640px) 100vw, 640px\" \/>\t\t\t\t\t\t\t\t<\/a>\n\t\t\t\t\t\t\t\t\t\t\t\t\t\t\t<\/div>\n\t\t\t\t<\/div>\n\t\t            <\/div>\n        <\/div>\n                            <\/div>\n        <\/section>\n                    <\/div>\n        <\/div>\n                <div class=\"elementor-column elementor-col-33 elementor-top-column elementor-element elementor-element-18bdc17\" data-id=\"18bdc17\" data-element_type=\"column\">\n            <div class=\"elementor-widget-wrap elementor-element-populated\">\n                        \t\t<div class=\"elementor-element elementor-element-daa9899 elementor-widget elementor-widget-ct_navigation_menu\" data-id=\"daa9899\" data-element_type=\"widget\" data-widget_type=\"ct_navigation_menu.default\">\n\t\t\t\t<div class=\"elementor-widget-container\">\n\t\t\t    <div id=\"ct_navigation_menu-daa9899\" class=\"ct-navigation-menu1 default\">\r\n            <\/div>\r\n\t\t<\/div>\n\t\t\t\t<\/div>\n\t\t\t\t<div class=\"elementor-element elementor-element-942f6aa elementor-widget elementor-widget-spacer\" data-id=\"942f6aa\" data-element_type=\"widget\" data-widget_type=\"spacer.default\">\n\t\t\t\t<div class=\"elementor-widget-container\">\n\t\t\t<style>\/*! elementor - v3.8.1 - 13-11-2022 *\/\n.elementor-column .elementor-spacer-inner{height:var(--spacer-size)}.e-con{--container-widget-width:100%}.e-con-inner>.elementor-widget-spacer,.e-con>.elementor-widget-spacer{width:var(--container-widget-width,var(--spacer-size));-ms-flex-item-align:stretch;align-self:stretch;-ms-flex-negative:0;flex-shrink:0}.e-con-inner>.elementor-widget-spacer>.elementor-widget-container,.e-con-inner>.elementor-widget-spacer>.elementor-widget-container>.elementor-spacer,.e-con>.elementor-widget-spacer>.elementor-widget-container,.e-con>.elementor-widget-spacer>.elementor-widget-container>.elementor-spacer{height:100%}.e-con-inner>.elementor-widget-spacer>.elementor-widget-container>.elementor-spacer>.elementor-spacer-inner,.e-con>.elementor-widget-spacer>.elementor-widget-container>.elementor-spacer>.elementor-spacer-inner{height:var(--container-widget-height,var(--spacer-size))}<\/style>\t\t<div class=\"elementor-spacer\">\n\t\t\t<div class=\"elementor-spacer-inner\"><\/div>\n\t\t<\/div>\n\t\t\t\t<\/div>\n\t\t\t\t<\/div>\n\t\t\t\t<div class=\"elementor-element elementor-element-68b5104 elementor-widget elementor-widget-ct_download\" data-id=\"68b5104\" data-element_type=\"widget\" data-widget_type=\"ct_download.default\">\n\t\t\t\t<div class=\"elementor-widget-container\">\n\t\t\t    <div class=\"ct-download\">\r\n                    <div class=\"item--download\">\r\n                <a href=\"\/wp-content\/uploads\/2022\/04\/Planol-global-Campus.jpg\">\r\n            \t<i aria-hidden=\"true\" class=\"far fa-image\"><\/i>                                <span>Plano del Campus<\/span>\r\n            \t<\/a>\r\n           <\/div>\r\n                    <div class=\"item--download\">\r\n                <a href=\"\/wp-content\/uploads\/2022\/04\/Presentacio_CampusDiagonalBesos.pdf\" target=\"_blank\">\r\n            \t<i aria-hidden=\"true\" class=\"material zmdi zmdi-download\"><\/i>                                <span>Descargar Presentaci\u00f3n<\/span>\r\n            \t<\/a>\r\n           <\/div>\r\n            <\/div>\r\n\t\t<\/div>\n\t\t\t\t<\/div>\n\t\t\t\t<div class=\"elementor-element elementor-element-f312dc1 elementor-widget elementor-widget-spacer\" data-id=\"f312dc1\" data-element_type=\"widget\" data-widget_type=\"spacer.default\">\n\t\t\t\t<div class=\"elementor-widget-container\">\n\t\t\t\t\t<div class=\"elementor-spacer\">\n\t\t\t<div class=\"elementor-spacer-inner\"><\/div>\n\t\t<\/div>\n\t\t\t\t<\/div>\n\t\t\t\t<\/div>\n\t\t\t\t<div class=\"elementor-element elementor-element-52da799 elementor-widget elementor-widget-ct_title\" data-id=\"52da799\" data-element_type=\"widget\" data-widget_type=\"ct_title.default\">\n\t\t\t\t<div class=\"elementor-widget-container\">\n\t\t\t<div class=\"ct-title1 style2\">\r\n    <h3>\r\n    \t\t        <span>Datos de contacto<\/span>\r\n\t        <i><\/i>\r\n\t        <\/h3>\r\n<\/div>\t\t<\/div>\n\t\t\t\t<\/div>\n\t\t\t\t<div class=\"elementor-element elementor-element-72efc1f elementor-widget elementor-widget-ct_contact_info\" data-id=\"72efc1f\" data-element_type=\"widget\" data-widget_type=\"ct_contact_info.default\">\n\t\t\t\t<div class=\"elementor-widget-container\">\n\t\t\t    <ul id=\"ct_contact_info-72efc1f\" class=\"ct-contact-info ct-contact-info1 style2 \">\r\n        <div class=\"ct-inline-css\"  data-css=\"\r\n            \">\r\n\r\n        <\/div>\r\n                    <li>\r\n            \t\t\t\t        <span class=\"ct-contact-icon\">\r\n\t\t                <i aria-hidden=\"true\" class=\"fas fa-map-marked-alt\"><\/i>\t\t                \t\t\t        <\/span>\r\n\t\t\t                                                        <span class=\"ct-contact-content\">\r\n                       <a href=\"https:\/\/www.google.com\/maps\/place\/CCIDB\/@41.4152502,2.2229382,15z\/data=!4m5!3m4!1s0x0:0x9a0d851efa125bd8!8m2!3d41.4152529!4d2.2229329\" target=\"blank\">Avinguda d\u2019Eduard Maristany, 16<br \/>\nEdifici C \u2013 Planta baixa<br \/>\n08930 Sant Adri\u00e0 de Bes\u00f2s<\/a>                    <\/span>\r\n                           <\/li>\r\n                    <li>\r\n            \t\t\t\t        <span class=\"ct-contact-icon\">\r\n\t\t                <i aria-hidden=\"true\" class=\"material zmdi zmdi-phone\"><\/i>\t\t                \t\t\t        <\/span>\r\n\t\t\t                                                        <span class=\"ct-contact-content\">\r\n                       <a href=\"tel:933560980\">933 560 980<\/a><br>                    <\/span>\r\n                           <\/li>\r\n                    <li>\r\n            \t\t\t\t        <span class=\"ct-contact-icon\">\r\n\t\t                <i aria-hidden=\"true\" class=\"material zmdi zmdi-email-open\"><\/i>\t\t                \t\t\t        <\/span>\r\n\t\t\t                                                        <span class=\"ct-contact-content\">\r\n                       <a href=\"mailto:correu@campus-besos.cat\">correu@campus-besos.cat<\/a>                    <\/span>\r\n                           <\/li>\r\n            <\/ul>\r\n\t\t<\/div>\n\t\t\t\t<\/div>\n\t\t\t\t<div class=\"elementor-element elementor-element-817a616 elementor-widget elementor-widget-spacer\" data-id=\"817a616\" data-element_type=\"widget\" data-widget_type=\"spacer.default\">\n\t\t\t\t<div class=\"elementor-widget-container\">\n\t\t\t\t\t<div class=\"elementor-spacer\">\n\t\t\t<div class=\"elementor-spacer-inner\"><\/div>\n\t\t<\/div>\n\t\t\t\t<\/div>\n\t\t\t\t<\/div>\n\t\t            <\/div>\n        <\/div>\n                            <\/div>\n        <\/section>\n        \t\t\t\t\t<\/div>\n\t\t","protected":false},"excerpt":{"rendered":"<p>Parque del Campus El parque del Campus Diagonal-Bes\u00f2s se abri\u00f3 en marzo de 2021. Esta zona verde, de m\u00e1s de 20.000 m2, se ha desarrollado en la parcela P1 con el objetivo de conectar los barrios de Bes\u00f2s y Maresme de Barcelona y de La Mina de Sant Adri\u00e0, el Port F\u00f2rum y el Campus. [&hellip;]<\/p>\n","protected":false},"author":1,"featured_media":0,"parent":6428,"menu_order":0,"comment_status":"closed","ping_status":"closed","template":"","meta":{"inline_featured_image":false,"footnotes":""},"class_list":["post-6434","page","type-page","status-publish","hentry"],"_links":{"self":[{"href":"https:\/\/campusdiagonalbesos.com\/es\/wp-json\/wp\/v2\/pages\/6434","targetHints":{"allow":["GET"]}}],"collection":[{"href":"https:\/\/campusdiagonalbesos.com\/es\/wp-json\/wp\/v2\/pages"}],"about":[{"href":"https:\/\/campusdiagonalbesos.com\/es\/wp-json\/wp\/v2\/types\/page"}],"author":[{"embeddable":true,"href":"https:\/\/campusdiagonalbesos.com\/es\/wp-json\/wp\/v2\/users\/1"}],"replies":[{"embeddable":true,"href":"https:\/\/campusdiagonalbesos.com\/es\/wp-json\/wp\/v2\/comments?post=6434"}],"version-history":[{"count":15,"href":"https:\/\/campusdiagonalbesos.com\/es\/wp-json\/wp\/v2\/pages\/6434\/revisions"}],"predecessor-version":[{"id":7647,"href":"https:\/\/campusdiagonalbesos.com\/es\/wp-json\/wp\/v2\/pages\/6434\/revisions\/7647"}],"up":[{"embeddable":true,"href":"https:\/\/campusdiagonalbesos.com\/es\/wp-json\/wp\/v2\/pages\/6428"}],"wp:attachment":[{"href":"https:\/\/campusdiagonalbesos.com\/es\/wp-json\/wp\/v2\/media?parent=6434"}],"curies":[{"name":"wp","href":"https:\/\/api.w.org\/{rel}","templated":true}]}}