{"id":6437,"date":"2022-03-04T12:49:05","date_gmt":"2022-03-04T12:49:05","guid":{"rendered":"https:\/\/campus.molismedia.com\/?page_id=6437"},"modified":"2025-12-19T09:28:30","modified_gmt":"2025-12-19T09:28:30","slug":"transparencia","status":"publish","type":"page","link":"https:\/\/campusdiagonalbesos.com\/es\/transparencia\/","title":{"rendered":"Transparencia"},"content":{"rendered":"\t\t<div data-elementor-type=\"wp-page\" data-elementor-id=\"6437\" class=\"elementor elementor-6437 elementor-5511\">\n\t\t\t\t\t\t\t        <section class=\"elementor-section elementor-top-section elementor-element elementor-element-4a6808c elementor-section-boxed elementor-section-height-default elementor-section-height-default ct-header-fixed-none ct-row-max-none\" data-id=\"4a6808c\" data-element_type=\"section\">\n            \n                        <div class=\"elementor-container elementor-column-gap-wider \">\n                    <div class=\"elementor-column elementor-col-66 elementor-top-column elementor-element elementor-element-1fcd01ed\" data-id=\"1fcd01ed\" data-element_type=\"column\">\n            <div class=\"elementor-widget-wrap elementor-element-populated\">\n                        \t\t<div class=\"elementor-element elementor-element-b7b2e8f elementor-widget elementor-widget-ct_heading\" data-id=\"b7b2e8f\" data-element_type=\"widget\" data-widget_type=\"ct_heading.default\">\n\t\t\t\t<div class=\"elementor-widget-container\">\n\t\t\t<div id=\"ct_heading-b7b2e8f\" class=\"ct-heading h-align- sub- ct-heading-left item-st-line-left1\">\r\n\t<div class=\"ct-inline-css\"  data-css=\"\r\n        \">\r\n    <\/div>\r\n        <h1 class=\"item--title st-line-left1 case-animate-time\" data-wow-delay=\"ms\">\r\n                <span class=\"sp-main\">\r\n                            <i><\/i>\r\n            \r\n            Transparencia del Campus Diagonal-Bes\u00f2s\r\n            \r\n                    <\/span>\r\n            <\/h1>\r\n<\/div>\t\t<\/div>\n\t\t\t\t<\/div>\n\t\t\t\t<div class=\"elementor-element elementor-element-66de4e4 elementor-widget elementor-widget-text-editor\" data-id=\"66de4e4\" data-element_type=\"widget\" data-widget_type=\"text-editor.default\">\n\t\t\t\t<div class=\"elementor-widget-container\">\n\t\t\t<style>\/*! elementor - v3.8.1 - 13-11-2022 *\/\n.elementor-widget-text-editor.elementor-drop-cap-view-stacked .elementor-drop-cap{background-color:#818a91;color:#fff}.elementor-widget-text-editor.elementor-drop-cap-view-framed .elementor-drop-cap{color:#818a91;border:3px solid;background-color:transparent}.elementor-widget-text-editor:not(.elementor-drop-cap-view-default) .elementor-drop-cap{margin-top:8px}.elementor-widget-text-editor:not(.elementor-drop-cap-view-default) .elementor-drop-cap-letter{width:1em;height:1em}.elementor-widget-text-editor .elementor-drop-cap{float:left;text-align:center;line-height:1;font-size:50px}.elementor-widget-text-editor .elementor-drop-cap-letter{display:inline-block}<\/style>\t\t\t\t<p>El portal Transparencia Catalunya est\u00e1 gestionado por la Generalitat de Catalunya. Es un sistema integral de publicidad e informaci\u00f3n en formato electr\u00f3nico que permite a las personas un acceso f\u00e1cil y gratuito a la informaci\u00f3n sobre las administraciones locales y sobre otros actores. Estos actores, por su relaci\u00f3n con la Administraci\u00f3n, se encuentran en obligaci\u00f3n de publicar sus datos (entidades, organizaciones, grupos de inter\u00e9s&#8230;) para que los ciudadanos los puedan identificar.<\/p><p>Es la acci\u00f3n proactiva de la Administraci\u00f3n de dar a conocer, de forma comprensible y actualizada, la informaci\u00f3n sobre su actividad (publicidad activa). Incluye tambi\u00e9n el acceso en la informaci\u00f3n p\u00fablica a solicitud de los ciudadanos a trav\u00e9s del ejercicio del derecho legalmente reconocido a hacerlo.<\/p><p>La transparencia de la informaci\u00f3n busca rendir cuentas a los ciudadanos de la actividad y la gesti\u00f3n de los recursos p\u00fablicos, facilitando la participaci\u00f3n en los asuntos p\u00fablicos y la evaluaci\u00f3n de la calidad democr\u00e1tica del funcionamiento de las administraciones p\u00fablicas.<\/p>\t\t\t\t\t\t<\/div>\n\t\t\t\t<\/div>\n\t\t        <section class=\"elementor-section elementor-inner-section elementor-element elementor-element-273bc9f elementor-section-content-middle elementor-section-boxed elementor-section-height-default elementor-section-height-default ct-header-fixed-none ct-row-max-none\" data-id=\"273bc9f\" data-element_type=\"section\">\n            \n                        <div class=\"elementor-container elementor-column-gap-default \">\n                    <div class=\"elementor-column elementor-col-25 elementor-inner-column elementor-element elementor-element-f318865\" data-id=\"f318865\" data-element_type=\"column\">\n            <div class=\"elementor-widget-wrap elementor-element-populated\">\n                        \t\t<div class=\"elementor-element elementor-element-55719f0 elementor-widget elementor-widget-image\" data-id=\"55719f0\" data-element_type=\"widget\" data-widget_type=\"image.default\">\n\t\t\t\t<div class=\"elementor-widget-container\">\n\t\t\t<style>\/*! elementor - v3.8.1 - 13-11-2022 *\/\n.elementor-widget-image{text-align:center}.elementor-widget-image a{display:inline-block}.elementor-widget-image a img[src$=\".svg\"]{width:48px}.elementor-widget-image img{vertical-align:middle;display:inline-block}<\/style>\t\t\t\t\t\t\t\t\t\t\t\t\t<a href=\"https:\/\/ajuntament.barcelona.cat\/ca\/\" target=\"_blank\">\n\t\t\t\t\t\t\t<img decoding=\"async\" width=\"640\" height=\"164\" src=\"https:\/\/campusdiagonalbesos.com\/wp-content\/uploads\/2025\/12\/AJBCN_Sign_Com_Vermell_Transparent-1024x262.png\" class=\"attachment-large size-large\" alt=\"\" srcset=\"https:\/\/campusdiagonalbesos.com\/wp-content\/uploads\/2025\/12\/AJBCN_Sign_Com_Vermell_Transparent-1024x262.png 1024w, https:\/\/campusdiagonalbesos.com\/wp-content\/uploads\/2025\/12\/AJBCN_Sign_Com_Vermell_Transparent-300x77.png 300w, https:\/\/campusdiagonalbesos.com\/wp-content\/uploads\/2025\/12\/AJBCN_Sign_Com_Vermell_Transparent-768x197.png 768w, https:\/\/campusdiagonalbesos.com\/wp-content\/uploads\/2025\/12\/AJBCN_Sign_Com_Vermell_Transparent-1536x393.png 1536w, https:\/\/campusdiagonalbesos.com\/wp-content\/uploads\/2025\/12\/AJBCN_Sign_Com_Vermell_Transparent-2048x525.png 2048w\" sizes=\"(max-width: 640px) 100vw, 640px\" \/>\t\t\t\t\t\t\t\t<\/a>\n\t\t\t\t\t\t\t\t\t\t\t\t\t\t\t<\/div>\n\t\t\t\t<\/div>\n\t\t            <\/div>\n        <\/div>\n                <div class=\"elementor-column elementor-col-25 elementor-inner-column elementor-element elementor-element-1a9ca37\" data-id=\"1a9ca37\" data-element_type=\"column\">\n            <div class=\"elementor-widget-wrap elementor-element-populated\">\n                        \t\t<div class=\"elementor-element elementor-element-10367eb elementor-widget elementor-widget-image\" data-id=\"10367eb\" data-element_type=\"widget\" data-widget_type=\"image.default\">\n\t\t\t\t<div class=\"elementor-widget-container\">\n\t\t\t\t\t\t\t\t\t\t\t\t\t\t\t\t<a href=\"http:\/\/www.sant-adria.net\/\" target=\"_blank\">\n\t\t\t\t\t\t\t<img decoding=\"async\" width=\"640\" height=\"168\" src=\"https:\/\/campusdiagonalbesos.com\/wp-content\/uploads\/2022\/02\/logo_aju_sant_adria_besos.png\" class=\"attachment-large size-large\" alt=\"\" srcset=\"https:\/\/campusdiagonalbesos.com\/wp-content\/uploads\/2022\/02\/logo_aju_sant_adria_besos.png 909w, https:\/\/campusdiagonalbesos.com\/wp-content\/uploads\/2022\/02\/logo_aju_sant_adria_besos-300x79.png 300w, https:\/\/campusdiagonalbesos.com\/wp-content\/uploads\/2022\/02\/logo_aju_sant_adria_besos-768x202.png 768w\" sizes=\"(max-width: 640px) 100vw, 640px\" \/>\t\t\t\t\t\t\t\t<\/a>\n\t\t\t\t\t\t\t\t\t\t\t\t\t\t\t<\/div>\n\t\t\t\t<\/div>\n\t\t            <\/div>\n        <\/div>\n                <div class=\"elementor-column elementor-col-25 elementor-inner-column elementor-element elementor-element-53e93eb\" data-id=\"53e93eb\" data-element_type=\"column\">\n            <div class=\"elementor-widget-wrap elementor-element-populated\">\n                        \t\t<div class=\"elementor-element elementor-element-0c0d611 elementor-widget elementor-widget-image\" data-id=\"0c0d611\" data-element_type=\"widget\" data-widget_type=\"image.default\">\n\t\t\t\t<div class=\"elementor-widget-container\">\n\t\t\t\t\t\t\t\t\t\t\t\t\t\t\t\t<a href=\"https:\/\/www.amb.cat\/s\/home.html\" target=\"_blank\">\n\t\t\t\t\t\t\t<img decoding=\"async\" width=\"640\" height=\"93\" src=\"https:\/\/campusdiagonalbesos.com\/wp-content\/uploads\/2022\/02\/logo_amb-1024x149.png\" class=\"attachment-large size-large\" alt=\"\" srcset=\"https:\/\/campusdiagonalbesos.com\/wp-content\/uploads\/2022\/02\/logo_amb-1024x149.png 1024w, https:\/\/campusdiagonalbesos.com\/wp-content\/uploads\/2022\/02\/logo_amb-300x44.png 300w, https:\/\/campusdiagonalbesos.com\/wp-content\/uploads\/2022\/02\/logo_amb-768x112.png 768w, https:\/\/campusdiagonalbesos.com\/wp-content\/uploads\/2022\/02\/logo_amb.png 1140w\" sizes=\"(max-width: 640px) 100vw, 640px\" \/>\t\t\t\t\t\t\t\t<\/a>\n\t\t\t\t\t\t\t\t\t\t\t\t\t\t\t<\/div>\n\t\t\t\t<\/div>\n\t\t            <\/div>\n        <\/div>\n                <div class=\"elementor-column elementor-col-25 elementor-inner-column elementor-element elementor-element-8c0dfea\" data-id=\"8c0dfea\" data-element_type=\"column\">\n            <div class=\"elementor-widget-wrap elementor-element-populated\">\n                        \t\t<div class=\"elementor-element elementor-element-8ddeaa1 elementor-widget elementor-widget-image\" data-id=\"8ddeaa1\" data-element_type=\"widget\" data-widget_type=\"image.default\">\n\t\t\t\t<div class=\"elementor-widget-container\">\n\t\t\t\t\t\t\t\t\t\t\t\t\t\t\t\t<a href=\"http:\/\/www.consorci-besos.com\/\" target=\"_blank\">\n\t\t\t\t\t\t\t<img decoding=\"async\" width=\"640\" height=\"141\" src=\"https:\/\/campusdiagonalbesos.com\/wp-content\/uploads\/2022\/02\/logo_consorci.png\" class=\"attachment-large size-large\" alt=\"\" srcset=\"https:\/\/campusdiagonalbesos.com\/wp-content\/uploads\/2022\/02\/logo_consorci.png 640w, https:\/\/campusdiagonalbesos.com\/wp-content\/uploads\/2022\/02\/logo_consorci-300x66.png 300w\" sizes=\"(max-width: 640px) 100vw, 640px\" \/>\t\t\t\t\t\t\t\t<\/a>\n\t\t\t\t\t\t\t\t\t\t\t\t\t\t\t<\/div>\n\t\t\t\t<\/div>\n\t\t            <\/div>\n        <\/div>\n                            <\/div>\n        <\/section>\n        \t\t<div class=\"elementor-element elementor-element-4a6685f8 elementor-hidden-mobile elementor-widget elementor-widget-ct_cta\" data-id=\"4a6685f8\" data-element_type=\"widget\" data-widget_type=\"ct_cta.default\">\n\t\t\t\t<div class=\"elementor-widget-container\">\n\t\t\t<div class=\"ct-cta1 \">\r\n            <div class=\"item--holder\">\r\n            <span class=\"item--title\">Presentaci\u00f3n<\/span>\r\n            <span class=\"item--desc\">del Campus<\/span>\r\n        <\/div>\r\n                <div class=\"item--button\">\r\n            <a class=\"btn btn-default\" href=\"https:\/\/campusdiagonalbesos.com\/wp-content\/uploads\/2025\/06\/Presentacio_Campus-Diagonal-Besos_ABRIL_2025_BAIXA.pdf\" target=\"_blank\">\r\n                                    <i aria-hidden=\"true\" class=\"far fa-file-pdf\"><\/i>                                Descargar            <\/a>\r\n        <\/div>\r\n    <\/div>\r\n\t\t<\/div>\n\t\t\t\t<\/div>\n\t\t            <\/div>\n        <\/div>\n                <div class=\"elementor-column elementor-col-33 elementor-top-column elementor-element elementor-element-69c0a287\" data-id=\"69c0a287\" data-element_type=\"column\">\n            <div class=\"elementor-widget-wrap elementor-element-populated\">\n                        \t\t<div class=\"elementor-element elementor-element-21d55fbb elementor-widget elementor-widget-ct_navigation_menu\" data-id=\"21d55fbb\" data-element_type=\"widget\" data-widget_type=\"ct_navigation_menu.default\">\n\t\t\t\t<div class=\"elementor-widget-container\">\n\t\t\t    <div id=\"ct_navigation_menu-21d55fbb\" class=\"ct-navigation-menu1 default\">\r\n        <div class=\"menu-transparencia-campus-container\"><ul id=\"menu-transparencia-campus\" class=\"menu\"><li id=\"menu-item-6726\" class=\"menu-item menu-item-type-post_type menu-item-object-page menu-item-6726\"><a href=\"https:\/\/campusdiagonalbesos.com\/es\/el-consorci\/memoria-anual\/\">Memoria Anual<\/a><\/li>\n<\/ul><\/div>    <\/div>\r\n\t\t<\/div>\n\t\t\t\t<\/div>\n\t\t\t\t<div class=\"elementor-element elementor-element-55115780 elementor-widget elementor-widget-spacer\" data-id=\"55115780\" data-element_type=\"widget\" data-widget_type=\"spacer.default\">\n\t\t\t\t<div class=\"elementor-widget-container\">\n\t\t\t<style>\/*! elementor - v3.8.1 - 13-11-2022 *\/\n.elementor-column .elementor-spacer-inner{height:var(--spacer-size)}.e-con{--container-widget-width:100%}.e-con-inner>.elementor-widget-spacer,.e-con>.elementor-widget-spacer{width:var(--container-widget-width,var(--spacer-size));-ms-flex-item-align:stretch;align-self:stretch;-ms-flex-negative:0;flex-shrink:0}.e-con-inner>.elementor-widget-spacer>.elementor-widget-container,.e-con-inner>.elementor-widget-spacer>.elementor-widget-container>.elementor-spacer,.e-con>.elementor-widget-spacer>.elementor-widget-container,.e-con>.elementor-widget-spacer>.elementor-widget-container>.elementor-spacer{height:100%}.e-con-inner>.elementor-widget-spacer>.elementor-widget-container>.elementor-spacer>.elementor-spacer-inner,.e-con>.elementor-widget-spacer>.elementor-widget-container>.elementor-spacer>.elementor-spacer-inner{height:var(--container-widget-height,var(--spacer-size))}<\/style>\t\t<div class=\"elementor-spacer\">\n\t\t\t<div class=\"elementor-spacer-inner\"><\/div>\n\t\t<\/div>\n\t\t\t\t<\/div>\n\t\t\t\t<\/div>\n\t\t\t\t<div class=\"elementor-element elementor-element-5250dc6 elementor-widget elementor-widget-spacer\" data-id=\"5250dc6\" data-element_type=\"widget\" data-widget_type=\"spacer.default\">\n\t\t\t\t<div class=\"elementor-widget-container\">\n\t\t\t\t\t<div class=\"elementor-spacer\">\n\t\t\t<div class=\"elementor-spacer-inner\"><\/div>\n\t\t<\/div>\n\t\t\t\t<\/div>\n\t\t\t\t<\/div>\n\t\t\t\t<div class=\"elementor-element elementor-element-70a68a8e elementor-widget elementor-widget-ct_title\" data-id=\"70a68a8e\" data-element_type=\"widget\" data-widget_type=\"ct_title.default\">\n\t\t\t\t<div class=\"elementor-widget-container\">\n\t\t\t<div class=\"ct-title1 style2\">\r\n    <h3>\r\n    \t\t        <span>Datos de contacto<\/span>\r\n\t        <i><\/i>\r\n\t        <\/h3>\r\n<\/div>\t\t<\/div>\n\t\t\t\t<\/div>\n\t\t\t\t<div class=\"elementor-element elementor-element-a6c598d elementor-widget elementor-widget-ct_contact_info\" data-id=\"a6c598d\" data-element_type=\"widget\" data-widget_type=\"ct_contact_info.default\">\n\t\t\t\t<div class=\"elementor-widget-container\">\n\t\t\t    <ul id=\"ct_contact_info-a6c598d\" class=\"ct-contact-info ct-contact-info1 style2 \">\r\n        <div class=\"ct-inline-css\"  data-css=\"\r\n            \">\r\n\r\n        <\/div>\r\n                    <li>\r\n            \t\t\t\t        <span class=\"ct-contact-icon\">\r\n\t\t                <i aria-hidden=\"true\" class=\"fas fa-map-marked-alt\"><\/i>\t\t                \t\t\t        <\/span>\r\n\t\t\t                                                        <span class=\"ct-contact-content\">\r\n                       <a href=\"https:\/\/www.google.com\/maps\/place\/CCIDB\/@41.4152502,2.2229382,15z\/data=!4m5!3m4!1s0x0:0x9a0d851efa125bd8!8m2!3d41.4152529!4d2.2229329\" target=\"blank\">Avinguda d\u2019Eduard Maristany, 16<br \/>\nEdifici C \u2013 Planta baixa<br \/>\n08930 Sant Adri\u00e0 de Bes\u00f2s<\/a>                    <\/span>\r\n                           <\/li>\r\n                    <li>\r\n            \t\t\t\t        <span class=\"ct-contact-icon\">\r\n\t\t                <i aria-hidden=\"true\" class=\"material zmdi zmdi-phone\"><\/i>\t\t                \t\t\t        <\/span>\r\n\t\t\t                                                        <span class=\"ct-contact-content\">\r\n                       <a href=\"tel:934626868\">934626868<\/a><br>                    <\/span>\r\n                           <\/li>\r\n                    <li>\r\n            \t\t\t\t        <span class=\"ct-contact-icon\">\r\n\t\t                <i aria-hidden=\"true\" class=\"material zmdi zmdi-email-open\"><\/i>\t\t                \t\t\t        <\/span>\r\n\t\t\t                                                        <span class=\"ct-contact-content\">\r\n                       <a href=\"mailto:correu@campus-besos.cat\">consorci@consorcicampusdiagonalbesos.cat<\/a>                    <\/span>\r\n                           <\/li>\r\n            <\/ul>\r\n\t\t<\/div>\n\t\t\t\t<\/div>\n\t\t\t\t<div class=\"elementor-element elementor-element-37fbfec7 elementor-widget elementor-widget-spacer\" data-id=\"37fbfec7\" data-element_type=\"widget\" data-widget_type=\"spacer.default\">\n\t\t\t\t<div class=\"elementor-widget-container\">\n\t\t\t\t\t<div class=\"elementor-spacer\">\n\t\t\t<div class=\"elementor-spacer-inner\"><\/div>\n\t\t<\/div>\n\t\t\t\t<\/div>\n\t\t\t\t<\/div>\n\t\t            <\/div>\n        <\/div>\n                            <\/div>\n        <\/section>\n        \t\t\t\t\t<\/div>\n\t\t","protected":false},"excerpt":{"rendered":"<p>Transparencia del Campus Diagonal-Bes\u00f2s El portal Transparencia Catalunya est\u00e1 gestionado por la Generalitat de Catalunya. Es un sistema integral de publicidad e informaci\u00f3n en formato electr\u00f3nico que permite a las personas un acceso f\u00e1cil y gratuito a la informaci\u00f3n sobre las administraciones locales y sobre otros actores. Estos actores, por su relaci\u00f3n con la Administraci\u00f3n, [&hellip;]<\/p>\n","protected":false},"author":1,"featured_media":0,"parent":0,"menu_order":0,"comment_status":"closed","ping_status":"closed","template":"","meta":{"inline_featured_image":false,"footnotes":""},"class_list":["post-6437","page","type-page","status-publish","hentry"],"_links":{"self":[{"href":"https:\/\/campusdiagonalbesos.com\/es\/wp-json\/wp\/v2\/pages\/6437","targetHints":{"allow":["GET"]}}],"collection":[{"href":"https:\/\/campusdiagonalbesos.com\/es\/wp-json\/wp\/v2\/pages"}],"about":[{"href":"https:\/\/campusdiagonalbesos.com\/es\/wp-json\/wp\/v2\/types\/page"}],"author":[{"embeddable":true,"href":"https:\/\/campusdiagonalbesos.com\/es\/wp-json\/wp\/v2\/users\/1"}],"replies":[{"embeddable":true,"href":"https:\/\/campusdiagonalbesos.com\/es\/wp-json\/wp\/v2\/comments?post=6437"}],"version-history":[{"count":11,"href":"https:\/\/campusdiagonalbesos.com\/es\/wp-json\/wp\/v2\/pages\/6437\/revisions"}],"predecessor-version":[{"id":9180,"href":"https:\/\/campusdiagonalbesos.com\/es\/wp-json\/wp\/v2\/pages\/6437\/revisions\/9180"}],"wp:attachment":[{"href":"https:\/\/campusdiagonalbesos.com\/es\/wp-json\/wp\/v2\/media?parent=6437"}],"curies":[{"name":"wp","href":"https:\/\/api.w.org\/{rel}","templated":true}]}}