{"id":6454,"date":"2022-03-14T15:39:41","date_gmt":"2022-03-14T15:39:41","guid":{"rendered":"https:\/\/campus.molismedia.com\/?page_id=6454"},"modified":"2023-09-12T21:50:00","modified_gmt":"2023-09-12T21:50:00","slug":"residencia","status":"publish","type":"page","link":"https:\/\/campusdiagonalbesos.com\/es\/desarrollo-del-campus\/residencia\/","title":{"rendered":"Residencia"},"content":{"rendered":"\t\t<div data-elementor-type=\"wp-page\" data-elementor-id=\"6454\" class=\"elementor elementor-6454 elementor-5667\">\n\t\t\t\t\t\t\t        <section class=\"elementor-section elementor-top-section elementor-element elementor-element-4bdd2d7 elementor-section-boxed elementor-section-height-default elementor-section-height-default ct-header-fixed-none ct-row-max-none\" data-id=\"4bdd2d7\" data-element_type=\"section\">\n            \n                        <div class=\"elementor-container elementor-column-gap-wider \">\n                    <div class=\"elementor-column elementor-col-66 elementor-top-column elementor-element elementor-element-7072291\" data-id=\"7072291\" data-element_type=\"column\">\n            <div class=\"elementor-widget-wrap elementor-element-populated\">\n                        \t\t<div class=\"elementor-element elementor-element-2da0802 elementor-widget elementor-widget-ct_heading\" data-id=\"2da0802\" data-element_type=\"widget\" data-widget_type=\"ct_heading.default\">\n\t\t\t\t<div class=\"elementor-widget-container\">\n\t\t\t<div id=\"ct_heading-2da0802\" class=\"ct-heading h-align- sub- ct-heading-left item-st-line-left1\">\r\n\t<div class=\"ct-inline-css\"  data-css=\"\r\n        \">\r\n    <\/div>\r\n        <h1 class=\"item--title st-line-left1 case-animate-time\" data-wow-delay=\"ms\">\r\n                <span class=\"sp-main\">\r\n                            <i><\/i>\r\n            \r\n            Residencia\r\n            \r\n                    <\/span>\r\n            <\/h1>\r\n<\/div>\t\t<\/div>\n\t\t\t\t<\/div>\n\t\t\t\t<div class=\"elementor-element elementor-element-f7ed895 elementor-widget elementor-widget-text-editor\" data-id=\"f7ed895\" data-element_type=\"widget\" data-widget_type=\"text-editor.default\">\n\t\t\t\t<div class=\"elementor-widget-container\">\n\t\t\t<style>\/*! elementor - v3.8.1 - 13-11-2022 *\/\n.elementor-widget-text-editor.elementor-drop-cap-view-stacked .elementor-drop-cap{background-color:#818a91;color:#fff}.elementor-widget-text-editor.elementor-drop-cap-view-framed .elementor-drop-cap{color:#818a91;border:3px solid;background-color:transparent}.elementor-widget-text-editor:not(.elementor-drop-cap-view-default) .elementor-drop-cap{margin-top:8px}.elementor-widget-text-editor:not(.elementor-drop-cap-view-default) .elementor-drop-cap-letter{width:1em;height:1em}.elementor-widget-text-editor .elementor-drop-cap{float:left;text-align:center;line-height:1;font-size:50px}.elementor-widget-text-editor .elementor-drop-cap-letter{display:inline-block}<\/style>\t\t\t\t<p>La Residencia Diagonal-Bes\u00f2s &#8211; <a href=\"https:\/\/www.xior.be\/en\" target=\"_blank\" rel=\"noopener\">Xior Student Housing<\/a> es un edificio que cumple el objetivo de dar servicio a la comunidad universitaria, alojando estudiantes, profesores e investigadores.<\/p><p>El edificio est\u00e1 concebido con un gran patio interior que integra amplios pasillos con acceso a los servicios y a las habitaciones. Las plantas 0 y -1 del edificio est\u00e1n abiertas a toda la comunidad del Campus. La planta -1 est\u00e1 destinada a varios servicios (salas de reuniones y de ocio, gimnasio, lavander\u00eda&#8230;) y la planta 0 a la recepci\u00f3n y a la cafeter\u00eda-restaurante, gestionada por la Fundaci\u00f3n Formaci\u00f3 i Treball, entidad dedicada a la inserci\u00f3n laboral de personas con riesgo de exclusi\u00f3n social. En el resto de plantas, de la 1 a la 8, se encuentran las habitaciones de los residentes, con varios formatos, junto con amplias terrazas a la planta 5 y en la azotea de la residencia, a la planta 8.<\/p><p>La residencia ofrece unos precios especiales para la comunidad UPC y, a parte, otorga becas para estudiantes del Campus en funci\u00f3n de la renta de las familias, algunas de las cuales son espec\u00edficas para estudiantes residentes que colaboran en programas de voluntariado del entorno.<\/p>\t\t\t\t\t\t<\/div>\n\t\t\t\t<\/div>\n\t\t\t\t<div class=\"elementor-element elementor-element-49f994c elementor-arrows-position-inside elementor-widget elementor-widget-image-carousel\" data-id=\"49f994c\" data-element_type=\"widget\" data-settings=\"{&quot;navigation&quot;:&quot;arrows&quot;,&quot;autoplay&quot;:&quot;yes&quot;,&quot;pause_on_hover&quot;:&quot;yes&quot;,&quot;pause_on_interaction&quot;:&quot;yes&quot;,&quot;autoplay_speed&quot;:5000,&quot;infinite&quot;:&quot;yes&quot;,&quot;speed&quot;:500}\" data-widget_type=\"image-carousel.default\">\n\t\t\t\t<div class=\"elementor-widget-container\">\n\t\t\t<style>\/*! elementor - v3.8.1 - 13-11-2022 *\/\n.elementor-widget-image-carousel .swiper-container{position:static}.elementor-widget-image-carousel .swiper-container .swiper-slide figure{line-height:inherit}.elementor-widget-image-carousel .swiper-slide{text-align:center}.elementor-image-carousel-wrapper:not(.swiper-container-initialized) .swiper-slide{max-width:calc(100% \/ var(--e-image-carousel-slides-to-show, 3))}<\/style>\t\t<div class=\"elementor-image-carousel-wrapper swiper-container\" dir=\"ltr\">\n\t\t\t<div class=\"elementor-image-carousel swiper-wrapper\">\n\t\t\t\t\t\t\t\t<div class=\"swiper-slide\"><a data-elementor-open-lightbox=\"yes\" data-elementor-lightbox-slideshow=\"49f994c\" data-elementor-lightbox-title=\"CampusDiagonalBesos_ResidenciaDiagonalBesos_Barcelona-1\" e-action-hash=\"#elementor-action%3Aaction%3Dlightbox%26settings%3DeyJpZCI6NjY4NiwidXJsIjoiaHR0cHM6XC9cL2NhbXB1c2RpYWdvbmFsYmVzb3MuY29tXC93cC1jb250ZW50XC91cGxvYWRzXC8yMDIyXC8wNFwvQ2FtcHVzRGlhZ29uYWxCZXNvc19SZXNpZGVuY2lhRGlhZ29uYWxCZXNvc19CYXJjZWxvbmEtMS5qcGciLCJzbGlkZXNob3ciOiI0OWY5OTRjIn0%3D\" href=\"https:\/\/campusdiagonalbesos.com\/wp-content\/uploads\/2022\/04\/CampusDiagonalBesos_ResidenciaDiagonalBesos_Barcelona-1.jpg\"><figure class=\"swiper-slide-inner\"><img decoding=\"async\" class=\"swiper-slide-image\" src=\"https:\/\/campusdiagonalbesos.com\/wp-content\/uploads\/2022\/04\/CampusDiagonalBesos_ResidenciaDiagonalBesos_Barcelona-1-150x150.jpg\" alt=\"CampusDiagonalBesos_ResidenciaDiagonalBesos_Barcelona-1\" \/><\/figure><\/a><\/div><div class=\"swiper-slide\"><a data-elementor-open-lightbox=\"yes\" data-elementor-lightbox-slideshow=\"49f994c\" data-elementor-lightbox-title=\"CampusDiagonalBesos_ResidenciaDiagonalBesos_Barcelona-2\" e-action-hash=\"#elementor-action%3Aaction%3Dlightbox%26settings%3DeyJpZCI6NjY4OCwidXJsIjoiaHR0cHM6XC9cL2NhbXB1c2RpYWdvbmFsYmVzb3MuY29tXC93cC1jb250ZW50XC91cGxvYWRzXC8yMDIyXC8wNFwvQ2FtcHVzRGlhZ29uYWxCZXNvc19SZXNpZGVuY2lhRGlhZ29uYWxCZXNvc19CYXJjZWxvbmEtMi5qcGciLCJzbGlkZXNob3ciOiI0OWY5OTRjIn0%3D\" href=\"https:\/\/campusdiagonalbesos.com\/wp-content\/uploads\/2022\/04\/CampusDiagonalBesos_ResidenciaDiagonalBesos_Barcelona-2.jpg\"><figure class=\"swiper-slide-inner\"><img decoding=\"async\" class=\"swiper-slide-image\" src=\"https:\/\/campusdiagonalbesos.com\/wp-content\/uploads\/2022\/04\/CampusDiagonalBesos_ResidenciaDiagonalBesos_Barcelona-2-150x150.jpg\" alt=\"CampusDiagonalBesos_ResidenciaDiagonalBesos_Barcelona-2\" \/><\/figure><\/a><\/div><div class=\"swiper-slide\"><a data-elementor-open-lightbox=\"yes\" data-elementor-lightbox-slideshow=\"49f994c\" data-elementor-lightbox-title=\"CampusDiagonalBesos_ResidenciaDiagonalBesos_Barcelona-3\" e-action-hash=\"#elementor-action%3Aaction%3Dlightbox%26settings%3DeyJpZCI6NjY5MCwidXJsIjoiaHR0cHM6XC9cL2NhbXB1c2RpYWdvbmFsYmVzb3MuY29tXC93cC1jb250ZW50XC91cGxvYWRzXC8yMDIyXC8wNFwvQ2FtcHVzRGlhZ29uYWxCZXNvc19SZXNpZGVuY2lhRGlhZ29uYWxCZXNvc19CYXJjZWxvbmEtMy5qcGciLCJzbGlkZXNob3ciOiI0OWY5OTRjIn0%3D\" href=\"https:\/\/campusdiagonalbesos.com\/wp-content\/uploads\/2022\/04\/CampusDiagonalBesos_ResidenciaDiagonalBesos_Barcelona-3.jpg\"><figure class=\"swiper-slide-inner\"><img decoding=\"async\" class=\"swiper-slide-image\" src=\"https:\/\/campusdiagonalbesos.com\/wp-content\/uploads\/2022\/04\/CampusDiagonalBesos_ResidenciaDiagonalBesos_Barcelona-3-150x150.jpg\" alt=\"CampusDiagonalBesos_ResidenciaDiagonalBesos_Barcelona-3\" \/><\/figure><\/a><\/div><div class=\"swiper-slide\"><a data-elementor-open-lightbox=\"yes\" data-elementor-lightbox-slideshow=\"49f994c\" data-elementor-lightbox-title=\"CampusDiagonalBesos_ResidenciaDiagonalBesos_Barcelona-4\" e-action-hash=\"#elementor-action%3Aaction%3Dlightbox%26settings%3DeyJpZCI6NjY5MiwidXJsIjoiaHR0cHM6XC9cL2NhbXB1c2RpYWdvbmFsYmVzb3MuY29tXC93cC1jb250ZW50XC91cGxvYWRzXC8yMDIyXC8wNFwvQ2FtcHVzRGlhZ29uYWxCZXNvc19SZXNpZGVuY2lhRGlhZ29uYWxCZXNvc19CYXJjZWxvbmEtNC5qcGciLCJzbGlkZXNob3ciOiI0OWY5OTRjIn0%3D\" href=\"https:\/\/campusdiagonalbesos.com\/wp-content\/uploads\/2022\/04\/CampusDiagonalBesos_ResidenciaDiagonalBesos_Barcelona-4.jpg\"><figure class=\"swiper-slide-inner\"><img decoding=\"async\" class=\"swiper-slide-image\" src=\"https:\/\/campusdiagonalbesos.com\/wp-content\/uploads\/2022\/04\/CampusDiagonalBesos_ResidenciaDiagonalBesos_Barcelona-4-150x150.jpg\" alt=\"CampusDiagonalBesos_ResidenciaDiagonalBesos_Barcelona-4\" \/><\/figure><\/a><\/div><div class=\"swiper-slide\"><a data-elementor-open-lightbox=\"yes\" data-elementor-lightbox-slideshow=\"49f994c\" data-elementor-lightbox-title=\"CampusDiagonalBesos_ResidenciaDiagonalBesos_Barcelona-5\" e-action-hash=\"#elementor-action%3Aaction%3Dlightbox%26settings%3DeyJpZCI6NjY5NCwidXJsIjoiaHR0cHM6XC9cL2NhbXB1c2RpYWdvbmFsYmVzb3MuY29tXC93cC1jb250ZW50XC91cGxvYWRzXC8yMDIyXC8wNFwvQ2FtcHVzRGlhZ29uYWxCZXNvc19SZXNpZGVuY2lhRGlhZ29uYWxCZXNvc19CYXJjZWxvbmEtNS5qcGciLCJzbGlkZXNob3ciOiI0OWY5OTRjIn0%3D\" href=\"https:\/\/campusdiagonalbesos.com\/wp-content\/uploads\/2022\/04\/CampusDiagonalBesos_ResidenciaDiagonalBesos_Barcelona-5.jpg\"><figure class=\"swiper-slide-inner\"><img decoding=\"async\" class=\"swiper-slide-image\" src=\"https:\/\/campusdiagonalbesos.com\/wp-content\/uploads\/2022\/04\/CampusDiagonalBesos_ResidenciaDiagonalBesos_Barcelona-5-150x150.jpg\" alt=\"CampusDiagonalBesos_ResidenciaDiagonalBesos_Barcelona-5\" \/><\/figure><\/a><\/div>\t\t\t<\/div>\n\t\t\t\t\t\t\t\t\t\t\t\t\t\t\t\t<div class=\"elementor-swiper-button elementor-swiper-button-prev\">\n\t\t\t\t\t\t<i aria-hidden=\"true\" class=\"eicon-chevron-left\"><\/i>\t\t\t\t\t\t<span class=\"elementor-screen-only\">Anterior<\/span>\n\t\t\t\t\t<\/div>\n\t\t\t\t\t<div class=\"elementor-swiper-button elementor-swiper-button-next\">\n\t\t\t\t\t\t<i aria-hidden=\"true\" class=\"eicon-chevron-right\"><\/i>\t\t\t\t\t\t<span class=\"elementor-screen-only\">Siguiente<\/span>\n\t\t\t\t\t<\/div>\n\t\t\t\t\t\t\t\t\t<\/div>\n\t\t\t\t<\/div>\n\t\t\t\t<\/div>\n\t\t\t\t<div class=\"elementor-element elementor-element-9a069a8 elementor-widget elementor-widget-image\" data-id=\"9a069a8\" data-element_type=\"widget\" data-widget_type=\"image.default\">\n\t\t\t\t<div class=\"elementor-widget-container\">\n\t\t\t<style>\/*! elementor - v3.8.1 - 13-11-2022 *\/\n.elementor-widget-image{text-align:center}.elementor-widget-image a{display:inline-block}.elementor-widget-image a img[src$=\".svg\"]{width:48px}.elementor-widget-image img{vertical-align:middle;display:inline-block}<\/style>\t\t\t\t\t\t\t\t\t\t\t\t\t<a href=\"https:\/\/campus.molismedia.com\/wp-content\/uploads\/2022\/03\/JPG_Planol-global-Campus_v7_2021-1.jpg\" data-elementor-open-lightbox=\"yes\" e-action-hash=\"#elementor-action%3Aaction%3Dlightbox%26settings%3DeyJpZCI6NTUwMiwidXJsIjpmYWxzZX0%3D\">\n\t\t\t\t\t\t\t<img decoding=\"async\" src=\"https:\/\/campus.molismedia.com\/wp-content\/uploads\/2022\/03\/JPG_Planol-global-Campus_v7_2021-1.jpg\" title=\"\" alt=\"\" \/>\t\t\t\t\t\t\t\t<\/a>\n\t\t\t\t\t\t\t\t\t\t\t\t\t\t\t<\/div>\n\t\t\t\t<\/div>\n\t\t        <section class=\"elementor-section elementor-inner-section elementor-element elementor-element-884e87c elementor-section-content-middle elementor-section-boxed elementor-section-height-default elementor-section-height-default ct-header-fixed-none ct-row-max-none\" data-id=\"884e87c\" data-element_type=\"section\">\n            \n                        <div class=\"elementor-container elementor-column-gap-default \">\n                    <div class=\"elementor-column elementor-col-25 elementor-inner-column elementor-element elementor-element-e73ecbe\" data-id=\"e73ecbe\" data-element_type=\"column\">\n            <div class=\"elementor-widget-wrap elementor-element-populated\">\n                        \t\t<div class=\"elementor-element elementor-element-beab77a elementor-widget elementor-widget-image\" data-id=\"beab77a\" data-element_type=\"widget\" data-widget_type=\"image.default\">\n\t\t\t\t<div class=\"elementor-widget-container\">\n\t\t\t\t\t\t\t\t\t\t\t\t\t\t\t\t<a href=\"https:\/\/ajuntament.barcelona.cat\/ca\/\" target=\"_blank\">\n\t\t\t\t\t\t\t<img decoding=\"async\" width=\"640\" height=\"217\" src=\"https:\/\/campusdiagonalbesos.com\/wp-content\/uploads\/2022\/02\/logo_aju_barcelona.png\" class=\"attachment-large size-large\" alt=\"\" srcset=\"https:\/\/campusdiagonalbesos.com\/wp-content\/uploads\/2022\/02\/logo_aju_barcelona.png 908w, https:\/\/campusdiagonalbesos.com\/wp-content\/uploads\/2022\/02\/logo_aju_barcelona-300x102.png 300w, https:\/\/campusdiagonalbesos.com\/wp-content\/uploads\/2022\/02\/logo_aju_barcelona-768x261.png 768w\" sizes=\"(max-width: 640px) 100vw, 640px\" \/>\t\t\t\t\t\t\t\t<\/a>\n\t\t\t\t\t\t\t\t\t\t\t\t\t\t\t<\/div>\n\t\t\t\t<\/div>\n\t\t            <\/div>\n        <\/div>\n                <div class=\"elementor-column elementor-col-25 elementor-inner-column elementor-element elementor-element-20f2c6f\" data-id=\"20f2c6f\" data-element_type=\"column\">\n            <div class=\"elementor-widget-wrap elementor-element-populated\">\n                        \t\t<div class=\"elementor-element elementor-element-5245e19 elementor-widget elementor-widget-image\" data-id=\"5245e19\" data-element_type=\"widget\" data-widget_type=\"image.default\">\n\t\t\t\t<div class=\"elementor-widget-container\">\n\t\t\t\t\t\t\t\t\t\t\t\t\t\t\t\t<a href=\"http:\/\/www.sant-adria.net\/\" target=\"_blank\">\n\t\t\t\t\t\t\t<img decoding=\"async\" width=\"640\" height=\"168\" src=\"https:\/\/campusdiagonalbesos.com\/wp-content\/uploads\/2022\/02\/logo_aju_sant_adria_besos.png\" class=\"attachment-large size-large\" alt=\"\" srcset=\"https:\/\/campusdiagonalbesos.com\/wp-content\/uploads\/2022\/02\/logo_aju_sant_adria_besos.png 909w, https:\/\/campusdiagonalbesos.com\/wp-content\/uploads\/2022\/02\/logo_aju_sant_adria_besos-300x79.png 300w, https:\/\/campusdiagonalbesos.com\/wp-content\/uploads\/2022\/02\/logo_aju_sant_adria_besos-768x202.png 768w\" sizes=\"(max-width: 640px) 100vw, 640px\" \/>\t\t\t\t\t\t\t\t<\/a>\n\t\t\t\t\t\t\t\t\t\t\t\t\t\t\t<\/div>\n\t\t\t\t<\/div>\n\t\t            <\/div>\n        <\/div>\n                <div class=\"elementor-column elementor-col-25 elementor-inner-column elementor-element elementor-element-1d65a2d\" data-id=\"1d65a2d\" data-element_type=\"column\">\n            <div class=\"elementor-widget-wrap elementor-element-populated\">\n                        \t\t<div class=\"elementor-element elementor-element-9f8e87a elementor-widget elementor-widget-image\" data-id=\"9f8e87a\" data-element_type=\"widget\" data-widget_type=\"image.default\">\n\t\t\t\t<div class=\"elementor-widget-container\">\n\t\t\t\t\t\t\t\t\t\t\t\t\t\t\t\t<a href=\"https:\/\/www.amb.cat\/s\/home.html\" target=\"_blank\">\n\t\t\t\t\t\t\t<img decoding=\"async\" width=\"640\" height=\"93\" src=\"https:\/\/campusdiagonalbesos.com\/wp-content\/uploads\/2022\/02\/logo_amb-1024x149.png\" class=\"attachment-large size-large\" alt=\"\" srcset=\"https:\/\/campusdiagonalbesos.com\/wp-content\/uploads\/2022\/02\/logo_amb-1024x149.png 1024w, https:\/\/campusdiagonalbesos.com\/wp-content\/uploads\/2022\/02\/logo_amb-300x44.png 300w, https:\/\/campusdiagonalbesos.com\/wp-content\/uploads\/2022\/02\/logo_amb-768x112.png 768w, https:\/\/campusdiagonalbesos.com\/wp-content\/uploads\/2022\/02\/logo_amb.png 1140w\" sizes=\"(max-width: 640px) 100vw, 640px\" \/>\t\t\t\t\t\t\t\t<\/a>\n\t\t\t\t\t\t\t\t\t\t\t\t\t\t\t<\/div>\n\t\t\t\t<\/div>\n\t\t            <\/div>\n        <\/div>\n                <div class=\"elementor-column elementor-col-25 elementor-inner-column elementor-element elementor-element-be78207\" data-id=\"be78207\" data-element_type=\"column\">\n            <div class=\"elementor-widget-wrap elementor-element-populated\">\n                        \t\t<div class=\"elementor-element elementor-element-a5f1970 elementor-widget elementor-widget-image\" data-id=\"a5f1970\" data-element_type=\"widget\" data-widget_type=\"image.default\">\n\t\t\t\t<div class=\"elementor-widget-container\">\n\t\t\t\t\t\t\t\t\t\t\t\t\t\t\t\t<a href=\"http:\/\/www.consorci-besos.com\/\" target=\"_blank\">\n\t\t\t\t\t\t\t<img decoding=\"async\" width=\"640\" height=\"141\" src=\"https:\/\/campusdiagonalbesos.com\/wp-content\/uploads\/2022\/02\/logo_consorci.png\" class=\"attachment-large size-large\" alt=\"\" srcset=\"https:\/\/campusdiagonalbesos.com\/wp-content\/uploads\/2022\/02\/logo_consorci.png 640w, https:\/\/campusdiagonalbesos.com\/wp-content\/uploads\/2022\/02\/logo_consorci-300x66.png 300w\" sizes=\"(max-width: 640px) 100vw, 640px\" \/>\t\t\t\t\t\t\t\t<\/a>\n\t\t\t\t\t\t\t\t\t\t\t\t\t\t\t<\/div>\n\t\t\t\t<\/div>\n\t\t            <\/div>\n        <\/div>\n                            <\/div>\n        <\/section>\n                    <\/div>\n        <\/div>\n                <div class=\"elementor-column elementor-col-33 elementor-top-column elementor-element elementor-element-d6c9b3d\" data-id=\"d6c9b3d\" data-element_type=\"column\">\n            <div class=\"elementor-widget-wrap elementor-element-populated\">\n                        \t\t<div class=\"elementor-element elementor-element-1a48d4a elementor-widget elementor-widget-ct_navigation_menu\" data-id=\"1a48d4a\" data-element_type=\"widget\" data-widget_type=\"ct_navigation_menu.default\">\n\t\t\t\t<div class=\"elementor-widget-container\">\n\t\t\t    <div id=\"ct_navigation_menu-1a48d4a\" class=\"ct-navigation-menu1 default\">\r\n            <\/div>\r\n\t\t<\/div>\n\t\t\t\t<\/div>\n\t\t\t\t<div class=\"elementor-element elementor-element-251cefd elementor-widget elementor-widget-spacer\" data-id=\"251cefd\" data-element_type=\"widget\" data-widget_type=\"spacer.default\">\n\t\t\t\t<div class=\"elementor-widget-container\">\n\t\t\t<style>\/*! elementor - v3.8.1 - 13-11-2022 *\/\n.elementor-column .elementor-spacer-inner{height:var(--spacer-size)}.e-con{--container-widget-width:100%}.e-con-inner>.elementor-widget-spacer,.e-con>.elementor-widget-spacer{width:var(--container-widget-width,var(--spacer-size));-ms-flex-item-align:stretch;align-self:stretch;-ms-flex-negative:0;flex-shrink:0}.e-con-inner>.elementor-widget-spacer>.elementor-widget-container,.e-con-inner>.elementor-widget-spacer>.elementor-widget-container>.elementor-spacer,.e-con>.elementor-widget-spacer>.elementor-widget-container,.e-con>.elementor-widget-spacer>.elementor-widget-container>.elementor-spacer{height:100%}.e-con-inner>.elementor-widget-spacer>.elementor-widget-container>.elementor-spacer>.elementor-spacer-inner,.e-con>.elementor-widget-spacer>.elementor-widget-container>.elementor-spacer>.elementor-spacer-inner{height:var(--container-widget-height,var(--spacer-size))}<\/style>\t\t<div class=\"elementor-spacer\">\n\t\t\t<div class=\"elementor-spacer-inner\"><\/div>\n\t\t<\/div>\n\t\t\t\t<\/div>\n\t\t\t\t<\/div>\n\t\t\t\t<div class=\"elementor-element elementor-element-43ce38b elementor-widget elementor-widget-ct_download\" data-id=\"43ce38b\" data-element_type=\"widget\" data-widget_type=\"ct_download.default\">\n\t\t\t\t<div class=\"elementor-widget-container\">\n\t\t\t    <div class=\"ct-download\">\r\n                    <div class=\"item--download\">\r\n                <a href=\"\/wp-content\/uploads\/2022\/04\/Planol-global-Campus.jpg\">\r\n            \t<i aria-hidden=\"true\" class=\"far fa-image\"><\/i>                                <span>Plano del Campus<\/span>\r\n            \t<\/a>\r\n           <\/div>\r\n                    <div class=\"item--download\">\r\n                <a href=\"\/wp-content\/uploads\/2022\/04\/Presentacio_CampusDiagonalBesos.pdf\" target=\"_blank\">\r\n            \t<i aria-hidden=\"true\" class=\"material zmdi zmdi-download\"><\/i>                                <span>Descargar Presentaci\u00f3n<\/span>\r\n            \t<\/a>\r\n           <\/div>\r\n            <\/div>\r\n\t\t<\/div>\n\t\t\t\t<\/div>\n\t\t\t\t<div class=\"elementor-element elementor-element-2c4dcad elementor-widget elementor-widget-spacer\" data-id=\"2c4dcad\" data-element_type=\"widget\" data-widget_type=\"spacer.default\">\n\t\t\t\t<div class=\"elementor-widget-container\">\n\t\t\t\t\t<div class=\"elementor-spacer\">\n\t\t\t<div class=\"elementor-spacer-inner\"><\/div>\n\t\t<\/div>\n\t\t\t\t<\/div>\n\t\t\t\t<\/div>\n\t\t\t\t<div class=\"elementor-element elementor-element-4962d20 elementor-widget elementor-widget-ct_title\" data-id=\"4962d20\" data-element_type=\"widget\" data-widget_type=\"ct_title.default\">\n\t\t\t\t<div class=\"elementor-widget-container\">\n\t\t\t<div class=\"ct-title1 style2\">\r\n    <h3>\r\n    \t\t        <span>Datos de contacto<\/span>\r\n\t        <i><\/i>\r\n\t        <\/h3>\r\n<\/div>\t\t<\/div>\n\t\t\t\t<\/div>\n\t\t\t\t<div class=\"elementor-element elementor-element-7ead5e3 elementor-widget elementor-widget-ct_contact_info\" data-id=\"7ead5e3\" data-element_type=\"widget\" data-widget_type=\"ct_contact_info.default\">\n\t\t\t\t<div class=\"elementor-widget-container\">\n\t\t\t    <ul id=\"ct_contact_info-7ead5e3\" class=\"ct-contact-info ct-contact-info1 style2 \">\r\n        <div class=\"ct-inline-css\"  data-css=\"\r\n            \">\r\n\r\n        <\/div>\r\n                    <li>\r\n            \t\t\t\t        <span class=\"ct-contact-icon\">\r\n\t\t                <i aria-hidden=\"true\" class=\"fas fa-map-marked-alt\"><\/i>\t\t                \t\t\t        <\/span>\r\n\t\t\t                                                        <span class=\"ct-contact-content\">\r\n                       Avinguda d\u2019Eduard Maristany, 16<br \/>\nEdifici C \u2013 Planta baixa<br \/>\n08930 Sant Adri\u00e0 de Bes\u00f2s\n                    <\/span>\r\n                           <\/li>\r\n                    <li>\r\n            \t\t\t\t        <span class=\"ct-contact-icon\">\r\n\t\t                <i aria-hidden=\"true\" class=\"material zmdi zmdi-phone\"><\/i>\t\t                \t\t\t        <\/span>\r\n\t\t\t                                                        <span class=\"ct-contact-content\">\r\n                       933 560 980                    <\/span>\r\n                           <\/li>\r\n                    <li>\r\n            \t\t\t\t        <span class=\"ct-contact-icon\">\r\n\t\t                <i aria-hidden=\"true\" class=\"material zmdi zmdi-email-open\"><\/i>\t\t                \t\t\t        <\/span>\r\n\t\t\t                                                        <span class=\"ct-contact-content\">\r\n                       correu@campus-besos.cat                    <\/span>\r\n                           <\/li>\r\n            <\/ul>\r\n\t\t<\/div>\n\t\t\t\t<\/div>\n\t\t\t\t<div class=\"elementor-element elementor-element-81a4ad6 elementor-widget elementor-widget-spacer\" data-id=\"81a4ad6\" data-element_type=\"widget\" data-widget_type=\"spacer.default\">\n\t\t\t\t<div class=\"elementor-widget-container\">\n\t\t\t\t\t<div class=\"elementor-spacer\">\n\t\t\t<div class=\"elementor-spacer-inner\"><\/div>\n\t\t<\/div>\n\t\t\t\t<\/div>\n\t\t\t\t<\/div>\n\t\t            <\/div>\n        <\/div>\n                            <\/div>\n        <\/section>\n        \t\t\t\t\t<\/div>\n\t\t","protected":false},"excerpt":{"rendered":"<p>Residencia La Residencia Diagonal-Bes\u00f2s &#8211; Xior Student Housing es un edificio que cumple el objetivo de dar servicio a la comunidad universitaria, alojando estudiantes, profesores e investigadores. El edificio est\u00e1 concebido con un gran patio interior que integra amplios pasillos con acceso a los servicios y a las habitaciones. Las plantas 0 y -1 del [&hellip;]<\/p>\n","protected":false},"author":1,"featured_media":0,"parent":6428,"menu_order":0,"comment_status":"closed","ping_status":"closed","template":"","meta":{"inline_featured_image":false,"footnotes":""},"class_list":["post-6454","page","type-page","status-publish","hentry"],"_links":{"self":[{"href":"https:\/\/campusdiagonalbesos.com\/es\/wp-json\/wp\/v2\/pages\/6454","targetHints":{"allow":["GET"]}}],"collection":[{"href":"https:\/\/campusdiagonalbesos.com\/es\/wp-json\/wp\/v2\/pages"}],"about":[{"href":"https:\/\/campusdiagonalbesos.com\/es\/wp-json\/wp\/v2\/types\/page"}],"author":[{"embeddable":true,"href":"https:\/\/campusdiagonalbesos.com\/es\/wp-json\/wp\/v2\/users\/1"}],"replies":[{"embeddable":true,"href":"https:\/\/campusdiagonalbesos.com\/es\/wp-json\/wp\/v2\/comments?post=6454"}],"version-history":[{"count":17,"href":"https:\/\/campusdiagonalbesos.com\/es\/wp-json\/wp\/v2\/pages\/6454\/revisions"}],"predecessor-version":[{"id":7644,"href":"https:\/\/campusdiagonalbesos.com\/es\/wp-json\/wp\/v2\/pages\/6454\/revisions\/7644"}],"up":[{"embeddable":true,"href":"https:\/\/campusdiagonalbesos.com\/es\/wp-json\/wp\/v2\/pages\/6428"}],"wp:attachment":[{"href":"https:\/\/campusdiagonalbesos.com\/es\/wp-json\/wp\/v2\/media?parent=6454"}],"curies":[{"name":"wp","href":"https:\/\/api.w.org\/{rel}","templated":true}]}}